{"id":6922,"date":"2023-11-19T10:39:22","date_gmt":"2023-11-19T10:39:22","guid":{"rendered":"https:\/\/demo.wpzoom.com\/inspiro-lite-blocks-xml\/?page_id=6922"},"modified":"2026-03-04T09:00:49","modified_gmt":"2026-03-04T08:00:49","slug":"communication-digital","status":"publish","type":"page","link":"https:\/\/mc-communications.fr\/","title":{"rendered":"Accueil"},"content":{"rendered":"\n<div class=\"wp-block-cover alignfull is-light wp-duotone-unset-1\" style=\"min-height:100vh;aspect-ratio:unset;\"><video class=\"wp-block-cover__video-background intrinsic-ignore\" autoplay muted loop playsinline src=\"https:\/\/mc-communications.fr\/wp-content\/uploads\/2026\/03\/19205434-uhd_3840_2160_30fps.mp4\" data-object-fit=\"cover\"><\/video><span aria-hidden=\"true\" class=\"wp-block-cover__background has-background-dim wp-block-cover__gradient-background has-background-gradient\" style=\"background:linear-gradient(185deg,rgb(0,0,0) 0%,rgba(0,0,0,0.53) 100%)\"><\/span><div class=\"wp-block-cover__inner-container has-global-padding is-layout-constrained wp-block-cover-is-layout-constrained\">\n<h1 class=\"wp-block-heading has-text-align-center has-white-color has-text-color has-max-72-font-size\"><strong>Cr\u00e9er. \u00c9merveiller. Inspirer.<\/strong><\/h1>\n\n\n\n<hr class=\"wp-block-separator has-text-color has-alpha-channel-opacity has-background is-style-default\" style=\"margin-top:var(--wp--preset--spacing--x-small);margin-bottom:var(--wp--preset--spacing--x-small);background-color:#ffffff47;color:#ffffff47\"\/>\n\n\n\n<p class=\"has-text-align-center has-white-color has-text-color has-medium-font-size\">L\u2019excellence marketing accessible \u00e0 toutes les entreprises ambitieuses.<\/p>\n\n\n\n<p><\/p>\n\n\n\n<div class=\"wp-block-buttons is-content-justification-center is-layout-flex wp-container-core-buttons-is-layout-5b5683f2 wp-block-buttons-is-layout-flex\">\n<div class=\"wp-block-button is-style-fill\">\n  <a class=\"wp-block-button__link wp-element-button\" \n     href=\"https:\/\/calendly.com\/vmazet-mc-communications\/30min\" \n     target=\"_blank\" \n     rel=\"noreferrer noopener\"\n     style=\"background-color:#ffffff; color:#000000; border:1px solid #000000;\">\n     <strong>Mon devis personnalis\u00e9<\/strong>\n  <\/a>\n<\/div>\n<\/div>\n<\/div><\/div>\n\n\n\n<div class=\"wp-block-group has-global-padding is-layout-constrained wp-container-core-group-is-layout-3a820303 wp-block-group-is-layout-constrained\" style=\"padding-right:var(--wp--preset--spacing--small);padding-left:var(--wp--preset--spacing--small)\">\n<div style=\"height:36px\" aria-hidden=\"true\" class=\"wp-block-spacer\"><\/div>\n\n\n\n<h2 class=\"wp-block-heading has-text-align-center has-medium-font-size\" style=\"letter-spacing:1px\">CONCENTREZ-VOUS SUR VOTRE COEUR DE M\u00c9TIER ET LAISSEZ-NOUS FAIRE BRILLER VOTRE COMMUNICATION<\/h2>\n\n\n\n<div style=\"height:24px\" aria-hidden=\"true\" class=\"wp-block-spacer\"><\/div>\n\n\n\n<div class=\"wp-block-columns is-layout-flex wp-container-core-columns-is-layout-28f84493 wp-block-columns-is-layout-flex\">\n<div class=\"wp-block-column is-layout-flow wp-block-column-is-layout-flow\">\n<div class=\"wp-block-cover wp-duotone-101010-rgb255254254-2\"><img loading=\"lazy\" decoding=\"async\" width=\"1024\" height=\"683\" class=\"wp-block-cover__image-background wp-image-7083 size-large\" alt=\"\" src=\"https:\/\/mc-communications.fr\/wp-content\/uploads\/2026\/03\/pexels-ron-lach-8100067-1024x683.jpg\" data-object-fit=\"cover\" srcset=\"https:\/\/mc-communications.fr\/wp-content\/uploads\/2026\/03\/pexels-ron-lach-8100067-1024x683.jpg 1024w, https:\/\/mc-communications.fr\/wp-content\/uploads\/2026\/03\/pexels-ron-lach-8100067-300x200.jpg 300w, https:\/\/mc-communications.fr\/wp-content\/uploads\/2026\/03\/pexels-ron-lach-8100067-2000x1333.jpg 2000w, https:\/\/mc-communications.fr\/wp-content\/uploads\/2026\/03\/pexels-ron-lach-8100067-600x400.jpg 600w, https:\/\/mc-communications.fr\/wp-content\/uploads\/2026\/03\/pexels-ron-lach-8100067-1200x800.jpg 1200w\" sizes=\"auto, (max-width: 1024px) 100vw, 1024px\" \/><span aria-hidden=\"true\" class=\"wp-block-cover__background has-background-dim\" style=\"background-color:#414950\"><\/span><div class=\"wp-block-cover__inner-container has-global-padding is-layout-constrained wp-block-cover-is-layout-constrained\">\n<p><\/p>\n\n\n\n<p><\/p>\n\n\n\n<p><\/p>\n\n\n\n<p><\/p>\n\n\n\n<p><\/p>\n\n\n\n<p><\/p>\n\n\n\n<p><\/p>\n\n\n\n<h2 class=\"wp-block-heading\"><a href=\"https:\/\/mc-communications.fr\/?page_id=5574\" data-type=\"link\" data-id=\"https:\/\/mc-communications.fr\/?page_id=5574\"><mark style=\"background-color:rgba(0, 0, 0, 0)\" class=\"has-inline-color has-white-color\">Nos Services \u2192<\/mark><\/a><\/h2>\n<\/div><\/div>\n<\/div>\n\n\n\n<div class=\"wp-block-column is-layout-flow wp-block-column-is-layout-flow\">\n<div class=\"wp-block-cover wp-duotone-rgb000-rgb254254254-3\"><img loading=\"lazy\" decoding=\"async\" width=\"1024\" height=\"683\" class=\"wp-block-cover__image-background wp-image-7081 size-large\" alt=\"\" src=\"https:\/\/mc-communications.fr\/wp-content\/uploads\/2026\/03\/pexels-bertellifotografia-2608516-1024x683.jpg\" data-object-fit=\"cover\" srcset=\"https:\/\/mc-communications.fr\/wp-content\/uploads\/2026\/03\/pexels-bertellifotografia-2608516-1024x683.jpg 1024w, https:\/\/mc-communications.fr\/wp-content\/uploads\/2026\/03\/pexels-bertellifotografia-2608516-300x200.jpg 300w, https:\/\/mc-communications.fr\/wp-content\/uploads\/2026\/03\/pexels-bertellifotografia-2608516-2000x1333.jpg 2000w\" sizes=\"auto, (max-width: 1024px) 100vw, 1024px\" \/><span aria-hidden=\"true\" class=\"wp-block-cover__background has-background-dim\" style=\"background-color:#816f67\"><\/span><div class=\"wp-block-cover__inner-container has-global-padding is-layout-constrained wp-block-cover-is-layout-constrained\">\n<p><\/p>\n\n\n\n<p><\/p>\n\n\n\n<p><\/p>\n\n\n\n<p><\/p>\n\n\n\n<p><\/p>\n\n\n\n<p><\/p>\n\n\n\n<p><\/p>\n\n\n\n<h2 class=\"wp-block-heading\"><a href=\"https:\/\/mc-communications.fr\/?page_id=6837\" data-type=\"page\" data-id=\"6837\"><mark style=\"background-color:rgba(0, 0, 0, 0)\" class=\"has-inline-color has-white-color\">\u00c0 propos de nous \u2192<\/mark><\/a><\/h2>\n<\/div><\/div>\n<\/div>\n\n\n\n<div class=\"wp-block-column is-layout-flow wp-block-column-is-layout-flow\"><\/div>\n<\/div>\n\n\n\n<div style=\"height:32px\" aria-hidden=\"true\" class=\"wp-block-spacer\"><\/div>\n<\/div>\n\n\n\n<div class=\"wp-block-group alignfull pattern_multiple_covers has-background-background-color has-background has-global-padding is-layout-constrained wp-block-group-is-layout-constrained\" id=\"services\">\n<div style=\"height:35px\" aria-hidden=\"true\" class=\"wp-block-spacer\"><\/div>\n\n\n\n<h2 class=\"wp-block-heading has-text-align-center has-secondary-color has-text-color\">Construire des liens solides, faire grandir vos marques !<\/h2>\n\n\n\n<div class=\"wp-block-columns is-layout-flex wp-container-core-columns-is-layout-28f84493 wp-block-columns-is-layout-flex\">\n<div class=\"wp-block-column is-layout-flow wp-block-column-is-layout-flow\">\n<h2 class=\"wp-block-heading has-text-align-center\">+ 10 marques <\/h2>\n\n\n\n<p class=\"has-text-align-center\">accompagn\u00e9es sur 2 ans<\/p>\n<\/div>\n\n\n\n<div class=\"wp-block-column is-layout-flow wp-block-column-is-layout-flow\">\n<h2 class=\"wp-block-heading has-text-align-center\">+ 1M de vues<\/h2>\n\n\n\n<p class=\"has-text-align-center\">en janvier 2026 sur nos comptes clients actifs<\/p>\n<\/div>\n\n\n\n<div class=\"wp-block-column is-layout-flow wp-block-column-is-layout-flow\">\n<h2 class=\"wp-block-heading has-text-align-center\"><strong>+ 200 partenariats<\/strong> <\/h2>\n\n\n\n<p class=\"has-text-align-center\">avec des influenceurs toutes marques confondues en 2025<\/p>\n<\/div>\n<\/div>\n<\/div>\n\n\n\n\n\n<div class=\"wp-block-group has-global-padding is-layout-constrained wp-block-group-is-layout-constrained\">\n<h1 class=\"wp-block-heading\">Nos Services<\/h1>\n<\/div>\n\n\n\n<div class=\"wp-block-columns is-layout-flex wp-container-core-columns-is-layout-28f84493 wp-block-columns-is-layout-flex\">\n<div class=\"wp-block-column is-layout-flow wp-block-column-is-layout-flow\" style=\"flex-basis:100%\">\n<div class=\"wp-block-columns is-layout-flex wp-container-core-columns-is-layout-28f84493 wp-block-columns-is-layout-flex\">\n<div class=\"wp-block-column is-layout-flow wp-block-column-is-layout-flow\">\n<figure class=\"wp-block-image size-large\"><img loading=\"lazy\" decoding=\"async\" width=\"1024\" height=\"683\" src=\"https:\/\/mc-communications.fr\/wp-content\/uploads\/2026\/03\/pexels-fotios-photos-1092671-1024x683.jpg\" alt=\"\" class=\"wp-image-7092\" srcset=\"https:\/\/mc-communications.fr\/wp-content\/uploads\/2026\/03\/pexels-fotios-photos-1092671-1024x683.jpg 1024w, https:\/\/mc-communications.fr\/wp-content\/uploads\/2026\/03\/pexels-fotios-photos-1092671-300x200.jpg 300w, https:\/\/mc-communications.fr\/wp-content\/uploads\/2026\/03\/pexels-fotios-photos-1092671-2000x1333.jpg 2000w, https:\/\/mc-communications.fr\/wp-content\/uploads\/2026\/03\/pexels-fotios-photos-1092671-600x400.jpg 600w, https:\/\/mc-communications.fr\/wp-content\/uploads\/2026\/03\/pexels-fotios-photos-1092671-1200x800.jpg 1200w\" sizes=\"auto, (max-width: 1024px) 100vw, 1024px\" \/><\/figure>\n<\/div>\n\n\n\n<div class=\"wp-block-column is-layout-flow wp-block-column-is-layout-flow\">\n<p><\/p>\n\n\n\n<h2 class=\"wp-block-heading\">Community management<\/h2>\n\n\n\n<p>Votre communication ne doit pas \u00eatre une contrainte, mais un levier strat\u00e9gique.<\/p>\n\n\n\n<p>Pr\u00eat \u00e0 structurer votre pr\u00e9sence digitale autour d\u2019une ligne \u00e9ditoriale sur mesure, fid\u00e8le \u00e0 votre ADN et tourn\u00e9e vers vos objectifs ?<\/p>\n\n\n\n<p>R\u00e9sultat : une marque coh\u00e9rente, reconnaissable et capable de cr\u00e9er un lien solide avec son audience.<\/p>\n\n\n\n<div class=\"wp-block-buttons is-layout-flex wp-block-buttons-is-layout-flex\">\n<div class=\"wp-block-button\"><a class=\"wp-block-button__link wp-element-button\" href=\"https:\/\/mc-communications.fr\/?page_id=628\">En Savoir +<\/a><\/div>\n<\/div>\n<\/div>\n<\/div>\n<\/div>\n<\/div>\n\n\n\n<hr class=\"wp-block-separator has-alpha-channel-opacity\"\/>\n\n\n\n<div class=\"wp-block-columns is-layout-flex wp-container-core-columns-is-layout-28f84493 wp-block-columns-is-layout-flex\">\n<div class=\"wp-block-column is-layout-flow wp-block-column-is-layout-flow\">\n<p><\/p>\n\n\n\n<h2 class=\"wp-block-heading\">Cr\u00e9ation et identit\u00e9 visuelle<\/h2>\n\n\n\n<p>Votre image est votre premier levier de cr\u00e9dibilit\u00e9.<\/p>\n\n\n\n<p>Pr\u00eat \u00e0 d\u00e9finir et d\u00e9ployer un univers graphique complet \u2014 du logo aux supports digitaux \u2014 pour garantir une coh\u00e9rence sur tous vos points de contact.<\/p>\n\n\n\n<p>R\u00e9sultat : une identit\u00e9 affirm\u00e9e, moderne et m\u00e9morable.<\/p>\n\n\n\n<div class=\"wp-block-buttons is-layout-flex wp-block-buttons-is-layout-flex\">\n<div class=\"wp-block-button\"><a class=\"wp-block-button__link wp-element-button\" href=\"https:\/\/mc-communications.fr\/?page_id=628\">En Savoir +<\/a><\/div>\n<\/div>\n<\/div>\n\n\n\n<div class=\"wp-block-column is-layout-flow wp-block-column-is-layout-flow\">\n<figure class=\"wp-block-image size-large\"><img loading=\"lazy\" decoding=\"async\" width=\"1024\" height=\"640\" src=\"https:\/\/mc-communications.fr\/wp-content\/uploads\/2026\/03\/pexels-pixabay-416405-1024x640.jpg\" alt=\"\" class=\"wp-image-7093\" srcset=\"https:\/\/mc-communications.fr\/wp-content\/uploads\/2026\/03\/pexels-pixabay-416405-1024x640.jpg 1024w, https:\/\/mc-communications.fr\/wp-content\/uploads\/2026\/03\/pexels-pixabay-416405-300x188.jpg 300w, https:\/\/mc-communications.fr\/wp-content\/uploads\/2026\/03\/pexels-pixabay-416405-2000x1250.jpg 2000w\" sizes=\"auto, (max-width: 1024px) 100vw, 1024px\" \/><\/figure>\n<\/div>\n<\/div>\n\n\n\n<hr class=\"wp-block-separator has-alpha-channel-opacity\"\/>\n\n\n\n<div class=\"wp-block-columns is-layout-flex wp-container-core-columns-is-layout-28f84493 wp-block-columns-is-layout-flex\">\n<div class=\"wp-block-column is-layout-flow wp-block-column-is-layout-flow\">\n<figure class=\"wp-block-image size-large\"><img loading=\"lazy\" decoding=\"async\" width=\"1024\" height=\"683\" src=\"https:\/\/mc-communications.fr\/wp-content\/uploads\/2026\/03\/pexels-magda-ehlers-pexels-4611591-1024x683.jpg\" alt=\"\" class=\"wp-image-7096\" srcset=\"https:\/\/mc-communications.fr\/wp-content\/uploads\/2026\/03\/pexels-magda-ehlers-pexels-4611591-1024x683.jpg 1024w, https:\/\/mc-communications.fr\/wp-content\/uploads\/2026\/03\/pexels-magda-ehlers-pexels-4611591-300x200.jpg 300w, https:\/\/mc-communications.fr\/wp-content\/uploads\/2026\/03\/pexels-magda-ehlers-pexels-4611591-2000x1333.jpg 2000w, https:\/\/mc-communications.fr\/wp-content\/uploads\/2026\/03\/pexels-magda-ehlers-pexels-4611591-600x400.jpg 600w, https:\/\/mc-communications.fr\/wp-content\/uploads\/2026\/03\/pexels-magda-ehlers-pexels-4611591-1200x800.jpg 1200w\" sizes=\"auto, (max-width: 1024px) 100vw, 1024px\" \/><\/figure>\n<\/div>\n\n\n\n<div class=\"wp-block-column is-layout-flow wp-block-column-is-layout-flow\">\n<p><\/p>\n\n\n\n<h2 class=\"wp-block-heading\">S&rsquo;implanter \u00e0 l&rsquo;international<\/h2>\n\n\n\n<p>Votre expansion commence par une strat\u00e9gie pens\u00e9e pour chaque march\u00e9.<\/p>\n\n\n\n<p>Pr\u00eat \u00e0 d\u00e9finir et d\u00e9ployer une communication adapt\u00e9e \u00e0 vos audiences internationales \u2014 du positionnement aux supports digitaux \u2014 gr\u00e2ce \u00e0 notre \u00e9quipe polyglotte, pour garantir coh\u00e9rence et impact sur tous vos march\u00e9s.<\/p>\n\n\n\n<p>R\u00e9sultat<strong> :<\/strong> une implantation fluide, cr\u00e9dible et m\u00e9morable \u00e0 l\u2019international.<\/p>\n\n\n\n<div class=\"wp-block-buttons is-layout-flex wp-block-buttons-is-layout-flex\">\n<div class=\"wp-block-button\"><a class=\"wp-block-button__link wp-element-button\" href=\"https:\/\/mc-communications.fr\/?page_id=628\">En Savoir +<\/a><\/div>\n<\/div>\n<\/div>\n<\/div>\n\n\n\n<div style=\"height:49px\" aria-hidden=\"true\" class=\"wp-block-spacer\"><\/div>\n\n\n\n<div style=\"height:22px\" aria-hidden=\"true\" class=\"wp-block-spacer\"><\/div>\n\n\n\n<div class=\"wp-block-cover alignfull has-parallax is-position-center-center\" style=\"border-radius:0px;min-height:124px;aspect-ratio:unset;\"><div class=\"wp-block-cover__image-background wp-image-6455 size-full has-parallax\" style=\"background-position:50% 50%;background-image:url(https:\/\/demo.wpzoom.com\/inspiro-lite-blocks-xml\/files\/2021\/04\/cropped-StockSnap_89BQZ89TLH-2.jpg)\"><\/div><span aria-hidden=\"true\" class=\"wp-block-cover__background has-black-background-color has-background-dim-40 has-background-dim\"><\/span><div class=\"wp-block-cover__inner-container is-layout-flow wp-block-cover-is-layout-flow\">\n<div class=\"wp-block-buttons is-content-justification-center is-layout-flex wp-container-core-buttons-is-layout-a89b3969 wp-block-buttons-is-layout-flex\">\n<div class=\"wp-block-button\"><a class=\"wp-block-button__link has-text-align-center wp-element-button\" href=\"https:\/\/calendly.com\/vmazet-mc-communications\/30min\" target=\"_blank\" rel=\"noreferrer noopener\">Mon devis personnalis\u00e9<\/a><\/div>\n<\/div>\n<\/div><\/div>\n\n\n\n<p><\/p>\n","protected":false},"excerpt":{"rendered":"<p>CONCENTREZ-VOUS SUR VOTRE COEUR DE M\u00c9TIER ET LAISSEZ-NOUS FAIRE BRILLER VOTRE COMMUNICATION Construire des liens solides, faire grandir vos marques ! + 10 marques accompagn\u00e9es sur 2 ans + 1M de vues en janvier 2026 sur nos comptes clients actifs + 200 partenariats avec des influenceurs toutes marques confondues en 2025 Nos clients Nos Services &hellip; <\/p>\n<p class=\"link-more\"><a href=\"https:\/\/mc-communications.fr\/\" class=\"more-link\">Lire la suite de<span class=\"screen-reader-text\">\u00ab\u00a0Accueil\u00a0\u00bb<\/span><\/a><\/p>\n","protected":false},"author":1,"featured_media":0,"parent":0,"menu_order":0,"comment_status":"closed","ping_status":"closed","template":"page-templates\/homepage-builder-bb.php","meta":{"inspiro_hide_title":false,"footnotes":""},"class_list":["post-6922","page","type-page","status-publish","hentry"],"yoast_head":"<!-- This site is optimized with the Yoast SEO plugin v27.1.1 - https:\/\/yoast.com\/product\/yoast-seo-wordpress\/ -->\n<title>MC Communications - Agence de communication digitale<\/title>\n<meta name=\"description\" content=\"Booster votre communication digitale : gestion des r\u00e9seaux sociaux, cr\u00e9ation de contenu, publicit\u00e9 et strat\u00e9gie digitale.\" \/>\n<meta name=\"robots\" content=\"index, follow, max-snippet:-1, max-image-preview:large, max-video-preview:-1\" \/>\n<link rel=\"canonical\" href=\"https:\/\/mc-communications.fr\/\" \/>\n<meta property=\"og:locale\" content=\"fr_FR\" \/>\n<meta property=\"og:type\" content=\"article\" \/>\n<meta property=\"og:title\" content=\"MC Communications - Agence de communication digitale\" \/>\n<meta property=\"og:description\" content=\"Booster votre communication digitale : gestion des r\u00e9seaux sociaux, cr\u00e9ation de contenu, publicit\u00e9 et strat\u00e9gie digitale.\" \/>\n<meta property=\"og:url\" content=\"https:\/\/mc-communications.fr\/\" \/>\n<meta property=\"og:site_name\" content=\"MC Communications - Agence de communication digitale\" \/>\n<meta property=\"article:modified_time\" content=\"2026-03-04T08:00:49+00:00\" \/>\n<meta property=\"og:image\" content=\"https:\/\/mc-communications.fr\/wp-content\/uploads\/2026\/03\/pexels-ron-lach-8100067-scaled.jpg\" \/>\n\t<meta property=\"og:image:width\" content=\"2560\" \/>\n\t<meta property=\"og:image:height\" content=\"1707\" \/>\n\t<meta property=\"og:image:type\" content=\"image\/jpeg\" \/>\n<meta name=\"twitter:card\" content=\"summary_large_image\" \/>\n<meta name=\"twitter:label1\" content=\"Dur\u00e9e de lecture estim\u00e9e\" \/>\n\t<meta name=\"twitter:data1\" content=\"4 minutes\" \/>\n<script type=\"application\/ld+json\" class=\"yoast-schema-graph\">{\"@context\":\"https:\/\/schema.org\",\"@graph\":[{\"@type\":\"WebPage\",\"@id\":\"https:\/\/mc-communications.fr\/\",\"url\":\"https:\/\/mc-communications.fr\/\",\"name\":\"MC Communications - Agence de communication digitale\",\"isPartOf\":{\"@id\":\"https:\/\/mc-communications.fr\/#website\"},\"primaryImageOfPage\":{\"@id\":\"https:\/\/mc-communications.fr\/#primaryimage\"},\"image\":{\"@id\":\"https:\/\/mc-communications.fr\/#primaryimage\"},\"thumbnailUrl\":\"https:\/\/mc-communications.fr\/wp-content\/uploads\/2026\/03\/pexels-ron-lach-8100067-1024x683.jpg\",\"datePublished\":\"2023-11-19T10:39:22+00:00\",\"dateModified\":\"2026-03-04T08:00:49+00:00\",\"description\":\"Booster votre communication digitale : gestion des r\u00e9seaux sociaux, cr\u00e9ation de contenu, publicit\u00e9 et strat\u00e9gie digitale.\",\"breadcrumb\":{\"@id\":\"https:\/\/mc-communications.fr\/#breadcrumb\"},\"inLanguage\":\"fr-FR\",\"potentialAction\":[{\"@type\":\"ReadAction\",\"target\":[\"https:\/\/mc-communications.fr\/\"]}]},{\"@type\":\"ImageObject\",\"inLanguage\":\"fr-FR\",\"@id\":\"https:\/\/mc-communications.fr\/#primaryimage\",\"url\":\"https:\/\/mc-communications.fr\/wp-content\/uploads\/2026\/03\/pexels-ron-lach-8100067-scaled.jpg\",\"contentUrl\":\"https:\/\/mc-communications.fr\/wp-content\/uploads\/2026\/03\/pexels-ron-lach-8100067-scaled.jpg\",\"width\":2560,\"height\":1707},{\"@type\":\"BreadcrumbList\",\"@id\":\"https:\/\/mc-communications.fr\/#breadcrumb\",\"itemListElement\":[{\"@type\":\"ListItem\",\"position\":1,\"name\":\"Accueil\",\"item\":\"https:\/\/mc-communications.fr\/\"},{\"@type\":\"ListItem\",\"position\":2,\"name\":\"Accueil\"}]},{\"@type\":\"WebSite\",\"@id\":\"https:\/\/mc-communications.fr\/#website\",\"url\":\"https:\/\/mc-communications.fr\/\",\"name\":\"MC Communications - Agence de communication digitale\",\"description\":\"\",\"publisher\":{\"@id\":\"https:\/\/mc-communications.fr\/#organization\"},\"alternateName\":\"MC Com\",\"potentialAction\":[{\"@type\":\"SearchAction\",\"target\":{\"@type\":\"EntryPoint\",\"urlTemplate\":\"https:\/\/mc-communications.fr\/?s={search_term_string}\"},\"query-input\":{\"@type\":\"PropertyValueSpecification\",\"valueRequired\":true,\"valueName\":\"search_term_string\"}}],\"inLanguage\":\"fr-FR\"},{\"@type\":\"Organization\",\"@id\":\"https:\/\/mc-communications.fr\/#organization\",\"name\":\"MC Communications - Agence de communication digitale\",\"url\":\"https:\/\/mc-communications.fr\/\",\"logo\":{\"@type\":\"ImageObject\",\"inLanguage\":\"fr-FR\",\"@id\":\"https:\/\/mc-communications.fr\/#\/schema\/logo\/image\/\",\"url\":\"https:\/\/mc-communications.fr\/wp-content\/uploads\/2026\/02\/Logo.jpg\",\"contentUrl\":\"https:\/\/mc-communications.fr\/wp-content\/uploads\/2026\/02\/Logo.jpg\",\"width\":500,\"height\":500,\"caption\":\"MC Communications - Agence de communication digitale\"},\"image\":{\"@id\":\"https:\/\/mc-communications.fr\/#\/schema\/logo\/image\/\"},\"sameAs\":[\"https:\/\/www.linkedin.com\/company\/mcgroup-communications\/\"]}]}<\/script>\n<!-- \/ Yoast SEO plugin. -->","yoast_head_json":{"title":"MC Communications - Agence de communication digitale","description":"Booster votre communication digitale : gestion des r\u00e9seaux sociaux, cr\u00e9ation de contenu, publicit\u00e9 et strat\u00e9gie digitale.","robots":{"index":"index","follow":"follow","max-snippet":"max-snippet:-1","max-image-preview":"max-image-preview:large","max-video-preview":"max-video-preview:-1"},"canonical":"https:\/\/mc-communications.fr\/","og_locale":"fr_FR","og_type":"article","og_title":"MC Communications - Agence de communication digitale","og_description":"Booster votre communication digitale : gestion des r\u00e9seaux sociaux, cr\u00e9ation de contenu, publicit\u00e9 et strat\u00e9gie digitale.","og_url":"https:\/\/mc-communications.fr\/","og_site_name":"MC Communications - Agence de communication digitale","article_modified_time":"2026-03-04T08:00:49+00:00","og_image":[{"width":2560,"height":1707,"url":"https:\/\/mc-communications.fr\/wp-content\/uploads\/2026\/03\/pexels-ron-lach-8100067-scaled.jpg","type":"image\/jpeg"}],"twitter_card":"summary_large_image","twitter_misc":{"Dur\u00e9e de lecture estim\u00e9e":"4 minutes"},"schema":{"@context":"https:\/\/schema.org","@graph":[{"@type":"WebPage","@id":"https:\/\/mc-communications.fr\/","url":"https:\/\/mc-communications.fr\/","name":"MC Communications - Agence de communication digitale","isPartOf":{"@id":"https:\/\/mc-communications.fr\/#website"},"primaryImageOfPage":{"@id":"https:\/\/mc-communications.fr\/#primaryimage"},"image":{"@id":"https:\/\/mc-communications.fr\/#primaryimage"},"thumbnailUrl":"https:\/\/mc-communications.fr\/wp-content\/uploads\/2026\/03\/pexels-ron-lach-8100067-1024x683.jpg","datePublished":"2023-11-19T10:39:22+00:00","dateModified":"2026-03-04T08:00:49+00:00","description":"Booster votre communication digitale : gestion des r\u00e9seaux sociaux, cr\u00e9ation de contenu, publicit\u00e9 et strat\u00e9gie digitale.","breadcrumb":{"@id":"https:\/\/mc-communications.fr\/#breadcrumb"},"inLanguage":"fr-FR","potentialAction":[{"@type":"ReadAction","target":["https:\/\/mc-communications.fr\/"]}]},{"@type":"ImageObject","inLanguage":"fr-FR","@id":"https:\/\/mc-communications.fr\/#primaryimage","url":"https:\/\/mc-communications.fr\/wp-content\/uploads\/2026\/03\/pexels-ron-lach-8100067-scaled.jpg","contentUrl":"https:\/\/mc-communications.fr\/wp-content\/uploads\/2026\/03\/pexels-ron-lach-8100067-scaled.jpg","width":2560,"height":1707},{"@type":"BreadcrumbList","@id":"https:\/\/mc-communications.fr\/#breadcrumb","itemListElement":[{"@type":"ListItem","position":1,"name":"Accueil","item":"https:\/\/mc-communications.fr\/"},{"@type":"ListItem","position":2,"name":"Accueil"}]},{"@type":"WebSite","@id":"https:\/\/mc-communications.fr\/#website","url":"https:\/\/mc-communications.fr\/","name":"MC Communications - Agence de communication digitale","description":"","publisher":{"@id":"https:\/\/mc-communications.fr\/#organization"},"alternateName":"MC Com","potentialAction":[{"@type":"SearchAction","target":{"@type":"EntryPoint","urlTemplate":"https:\/\/mc-communications.fr\/?s={search_term_string}"},"query-input":{"@type":"PropertyValueSpecification","valueRequired":true,"valueName":"search_term_string"}}],"inLanguage":"fr-FR"},{"@type":"Organization","@id":"https:\/\/mc-communications.fr\/#organization","name":"MC Communications - Agence de communication digitale","url":"https:\/\/mc-communications.fr\/","logo":{"@type":"ImageObject","inLanguage":"fr-FR","@id":"https:\/\/mc-communications.fr\/#\/schema\/logo\/image\/","url":"https:\/\/mc-communications.fr\/wp-content\/uploads\/2026\/02\/Logo.jpg","contentUrl":"https:\/\/mc-communications.fr\/wp-content\/uploads\/2026\/02\/Logo.jpg","width":500,"height":500,"caption":"MC Communications - Agence de communication digitale"},"image":{"@id":"https:\/\/mc-communications.fr\/#\/schema\/logo\/image\/"},"sameAs":["https:\/\/www.linkedin.com\/company\/mcgroup-communications\/"]}]}},"featured_media_urls":[],"_links":{"self":[{"href":"https:\/\/mc-communications.fr\/index.php?rest_route=\/wp\/v2\/pages\/6922","targetHints":{"allow":["GET"]}}],"collection":[{"href":"https:\/\/mc-communications.fr\/index.php?rest_route=\/wp\/v2\/pages"}],"about":[{"href":"https:\/\/mc-communications.fr\/index.php?rest_route=\/wp\/v2\/types\/page"}],"author":[{"embeddable":true,"href":"https:\/\/mc-communications.fr\/index.php?rest_route=\/wp\/v2\/users\/1"}],"replies":[{"embeddable":true,"href":"https:\/\/mc-communications.fr\/index.php?rest_route=%2Fwp%2Fv2%2Fcomments&post=6922"}],"version-history":[{"count":33,"href":"https:\/\/mc-communications.fr\/index.php?rest_route=\/wp\/v2\/pages\/6922\/revisions"}],"predecessor-version":[{"id":7129,"href":"https:\/\/mc-communications.fr\/index.php?rest_route=\/wp\/v2\/pages\/6922\/revisions\/7129"}],"wp:attachment":[{"href":"https:\/\/mc-communications.fr\/index.php?rest_route=%2Fwp%2Fv2%2Fmedia&parent=6922"}],"curies":[{"name":"wp","href":"https:\/\/api.w.org\/{rel}","templated":true}]}}