{"id":6837,"date":"2023-11-16T13:46:59","date_gmt":"2023-11-16T13:46:59","guid":{"rendered":"https:\/\/demo.wpzoom.com\/inspiro-lite-blocks-xml\/?page_id=6837"},"modified":"2026-03-03T22:05:32","modified_gmt":"2026-03-03T21:05:32","slug":"about-2","status":"publish","type":"page","link":"https:\/\/mc-communications.fr\/?page_id=6837","title":{"rendered":"\u00c0 propos"},"content":{"rendered":"\n<div class=\"wp-block-group is-style-default has-global-padding is-layout-constrained wp-container-core-group-is-layout-02ab25f7 wp-block-group-is-layout-constrained\" style=\"padding-top:60px;padding-bottom:60px;padding-left:0\">\n<div class=\"wp-block-group has-global-padding is-layout-constrained wp-block-group-is-layout-constrained\">\n<div class=\"wp-block-columns is-layout-flex wp-container-core-columns-is-layout-d7d455e7 wp-block-columns-is-layout-flex\" style=\"padding-top:0;padding-right:0;padding-bottom:0;padding-left:0\">\n<div class=\"wp-block-column is-vertically-aligned-top is-layout-flow wp-block-column-is-layout-flow\" style=\"flex-basis:50%\">\n<figure class=\"wp-block-image alignright size-large\"><img loading=\"lazy\" decoding=\"async\" width=\"1024\" height=\"683\" src=\"https:\/\/mc-communications.fr\/wp-content\/uploads\/2026\/03\/pexels-bertellifotografia-2608516-1-1024x683.jpg\" alt=\"\" class=\"wp-image-7116\" srcset=\"https:\/\/mc-communications.fr\/wp-content\/uploads\/2026\/03\/pexels-bertellifotografia-2608516-1-1024x683.jpg 1024w, https:\/\/mc-communications.fr\/wp-content\/uploads\/2026\/03\/pexels-bertellifotografia-2608516-1-300x200.jpg 300w, https:\/\/mc-communications.fr\/wp-content\/uploads\/2026\/03\/pexels-bertellifotografia-2608516-1-2000x1333.jpg 2000w, https:\/\/mc-communications.fr\/wp-content\/uploads\/2026\/03\/pexels-bertellifotografia-2608516-1-600x400.jpg 600w, https:\/\/mc-communications.fr\/wp-content\/uploads\/2026\/03\/pexels-bertellifotografia-2608516-1-1200x800.jpg 1200w\" sizes=\"auto, (max-width: 1024px) 100vw, 1024px\" \/><\/figure>\n<\/div>\n\n\n\n<div class=\"wp-block-column is-vertically-aligned-center is-layout-flow wp-block-column-is-layout-flow\" style=\"padding-left:var(--wp--preset--spacing--80);flex-basis:50%\">\n<h1 class=\"wp-block-heading\">Qui sommes-nous ?<\/h1>\n\n\n\n<p>MC Communications est une jeune agence qui allie <strong>agilit\u00e9, cr\u00e9ativit\u00e9 et expertise digitale<\/strong>.<\/p>\n\n\n\n<p>Notre \u00e9quipe polyglotte et passionn\u00e9e est pr\u00eate \u00e0 vous accompagner dans tous vos projets : community management, cr\u00e9ation de contenu, publicit\u00e9 digitale, strat\u00e9gie compl\u00e8te\u2026 Tout ce qu\u2019il faut pour que votre communication brille.<\/p>\n\n\n\n<p>Fond\u00e9e sur la conviction qu\u2019une <strong>bonne communication commence par l\u2019humain<\/strong>, notre agence place l\u2019\u00e9coute et la proximit\u00e9 au c\u0153ur de chaque projet. Chaque client est unique, chaque strat\u00e9gie est personnalis\u00e9e.<\/p>\n<\/div>\n<\/div>\n<\/div>\n<\/div>\n\n\n\n<div class=\"wp-block-columns are-vertically-aligned-center is-layout-flex wp-container-core-columns-is-layout-4ed999c3 wp-block-columns-is-layout-flex\" style=\"padding-top:var(--wp--preset--spacing--60);padding-bottom:var(--wp--preset--spacing--60);padding-left:0\">\n<div class=\"wp-block-column is-vertically-aligned-center has-global-padding is-content-justification-left is-layout-constrained wp-container-core-column-is-layout-12dd3699 wp-block-column-is-layout-constrained\" style=\"flex-basis:66.66%\">\n<h2 class=\"wp-block-heading\">Vous souhaitez rejoindre notre \u00e9quipe ?<\/h2>\n\n\n\n<p>Consultez les offres d&#8217;emploi ou d\u00e9posez votre candidature spontan\u00e9e<\/p>\n<\/div>\n\n\n\n<div class=\"wp-block-column is-vertically-aligned-center is-layout-flow wp-block-column-is-layout-flow\" style=\"flex-basis:33.33%\">\n<div class=\"wp-block-buttons is-content-justification-right is-layout-flex wp-container-core-buttons-is-layout-d445cf74 wp-block-buttons-is-layout-flex\">\n<div class=\"wp-block-button is-style-fill\"><a class=\"wp-block-button__link has-custom-font-size wp-element-button\" href=\"https:\/\/mc-communications.fr\/?page_id=7033\" style=\"border-radius:0px;font-size:14px;font-style:normal;font-weight:600;letter-spacing:1px;text-transform:uppercase\">Voir les offres<\/a><\/div>\n<\/div>\n<\/div>\n<\/div>\n\n\n\n<p><\/p>\n","protected":false},"excerpt":{"rendered":"<p>Qui sommes-nous ? MC Communications est une jeune agence qui allie agilit\u00e9, cr\u00e9ativit\u00e9 et expertise digitale. Notre \u00e9quipe polyglotte et passionn\u00e9e est pr\u00eate \u00e0 vous accompagner dans tous vos projets : community management, cr\u00e9ation de contenu, publicit\u00e9 digitale, strat\u00e9gie compl\u00e8te\u2026 Tout ce qu\u2019il faut pour que votre communication brille. Fond\u00e9e sur la conviction qu\u2019une bonne &hellip; <\/p>\n<p class=\"link-more\"><a href=\"https:\/\/mc-communications.fr\/?page_id=6837\" class=\"more-link\">Lire la suite de<span class=\"screen-reader-text\">\u00ab\u00a0\u00c0 propos\u00a0\u00bb<\/span><\/a><\/p>\n","protected":false},"author":1,"featured_media":0,"parent":0,"menu_order":0,"comment_status":"closed","ping_status":"closed","template":"","meta":{"inspiro_hide_title":true,"footnotes":""},"class_list":["post-6837","page","type-page","status-publish","hentry"],"yoast_head":"<!-- This site is optimized with the Yoast SEO plugin v27.1.1 - https:\/\/yoast.com\/product\/yoast-seo-wordpress\/ -->\n<title>\u00c0 propos - MC Communications - Agence de communication digitale<\/title>\n<meta name=\"description\" content=\"D\u00e9couvrez comment MC Communications peut booster votre communication digitale : gestion des r\u00e9seaux sociaux, cr\u00e9ation de contenu, publicit\u00e9 et strat\u00e9gie digitale.Explorez nos offres, notre portfolio et nos conseils pour d\u00e9velopper votre visibilit\u00e9 et faire briller votre marque en ligne.\" \/>\n<meta name=\"robots\" content=\"index, follow, max-snippet:-1, max-image-preview:large, max-video-preview:-1\" \/>\n<link rel=\"canonical\" href=\"https:\/\/mc-communications.fr\/?page_id=6837\" \/>\n<meta property=\"og:locale\" content=\"fr_FR\" \/>\n<meta property=\"og:type\" content=\"article\" \/>\n<meta property=\"og:title\" content=\"\u00c0 propos - MC Communications - Agence de communication digitale\" \/>\n<meta property=\"og:description\" content=\"D\u00e9couvrez comment MC Communications peut booster votre communication digitale : gestion des r\u00e9seaux sociaux, cr\u00e9ation de contenu, publicit\u00e9 et strat\u00e9gie digitale.Explorez nos offres, notre portfolio et nos conseils pour d\u00e9velopper votre visibilit\u00e9 et faire briller votre marque en ligne.\" \/>\n<meta property=\"og:url\" content=\"https:\/\/mc-communications.fr\/?page_id=6837\" \/>\n<meta property=\"og:site_name\" content=\"MC Communications - Agence de communication digitale\" \/>\n<meta property=\"article:modified_time\" content=\"2026-03-03T21:05:32+00:00\" \/>\n<meta property=\"og:image\" content=\"https:\/\/mc-communications.fr\/wp-content\/uploads\/2026\/03\/pexels-bertellifotografia-2608516-1-scaled.jpg\" \/>\n\t<meta property=\"og:image:width\" content=\"2560\" \/>\n\t<meta property=\"og:image:height\" content=\"1707\" \/>\n\t<meta property=\"og:image:type\" content=\"image\/jpeg\" \/>\n<meta name=\"twitter:card\" content=\"summary_large_image\" \/>\n<meta name=\"twitter:label1\" content=\"Dur\u00e9e de lecture estim\u00e9e\" \/>\n\t<meta name=\"twitter:data1\" content=\"1 minute\" \/>\n<script type=\"application\/ld+json\" class=\"yoast-schema-graph\">{\"@context\":\"https:\/\/schema.org\",\"@graph\":[{\"@type\":\"WebPage\",\"@id\":\"https:\/\/mc-communications.fr\/?page_id=6837\",\"url\":\"https:\/\/mc-communications.fr\/?page_id=6837\",\"name\":\"\u00c0 propos - MC Communications - Agence de communication digitale\",\"isPartOf\":{\"@id\":\"https:\/\/mc-communications.fr\/#website\"},\"primaryImageOfPage\":{\"@id\":\"https:\/\/mc-communications.fr\/?page_id=6837#primaryimage\"},\"image\":{\"@id\":\"https:\/\/mc-communications.fr\/?page_id=6837#primaryimage\"},\"thumbnailUrl\":\"https:\/\/mc-communications.fr\/wp-content\/uploads\/2026\/03\/pexels-bertellifotografia-2608516-1-1024x683.jpg\",\"datePublished\":\"2023-11-16T13:46:59+00:00\",\"dateModified\":\"2026-03-03T21:05:32+00:00\",\"description\":\"D\u00e9couvrez comment MC Communications peut booster votre communication digitale : gestion des r\u00e9seaux sociaux, cr\u00e9ation de contenu, publicit\u00e9 et strat\u00e9gie digitale.Explorez nos offres, notre portfolio et nos conseils pour d\u00e9velopper votre visibilit\u00e9 et faire briller votre marque en ligne.\",\"breadcrumb\":{\"@id\":\"https:\/\/mc-communications.fr\/?page_id=6837#breadcrumb\"},\"inLanguage\":\"fr-FR\",\"potentialAction\":[{\"@type\":\"ReadAction\",\"target\":[\"https:\/\/mc-communications.fr\/?page_id=6837\"]}]},{\"@type\":\"ImageObject\",\"inLanguage\":\"fr-FR\",\"@id\":\"https:\/\/mc-communications.fr\/?page_id=6837#primaryimage\",\"url\":\"https:\/\/mc-communications.fr\/wp-content\/uploads\/2026\/03\/pexels-bertellifotografia-2608516-1-scaled.jpg\",\"contentUrl\":\"https:\/\/mc-communications.fr\/wp-content\/uploads\/2026\/03\/pexels-bertellifotografia-2608516-1-scaled.jpg\",\"width\":2560,\"height\":1707},{\"@type\":\"BreadcrumbList\",\"@id\":\"https:\/\/mc-communications.fr\/?page_id=6837#breadcrumb\",\"itemListElement\":[{\"@type\":\"ListItem\",\"position\":1,\"name\":\"Accueil\",\"item\":\"https:\/\/mc-communications.fr\/\"},{\"@type\":\"ListItem\",\"position\":2,\"name\":\"\u00c0 propos\"}]},{\"@type\":\"WebSite\",\"@id\":\"https:\/\/mc-communications.fr\/#website\",\"url\":\"https:\/\/mc-communications.fr\/\",\"name\":\"MC Communications - Agence de communication digitale\",\"description\":\"\",\"publisher\":{\"@id\":\"https:\/\/mc-communications.fr\/#organization\"},\"alternateName\":\"MC Com\",\"potentialAction\":[{\"@type\":\"SearchAction\",\"target\":{\"@type\":\"EntryPoint\",\"urlTemplate\":\"https:\/\/mc-communications.fr\/?s={search_term_string}\"},\"query-input\":{\"@type\":\"PropertyValueSpecification\",\"valueRequired\":true,\"valueName\":\"search_term_string\"}}],\"inLanguage\":\"fr-FR\"},{\"@type\":\"Organization\",\"@id\":\"https:\/\/mc-communications.fr\/#organization\",\"name\":\"MC Communications - Agence de communication digitale\",\"url\":\"https:\/\/mc-communications.fr\/\",\"logo\":{\"@type\":\"ImageObject\",\"inLanguage\":\"fr-FR\",\"@id\":\"https:\/\/mc-communications.fr\/#\/schema\/logo\/image\/\",\"url\":\"https:\/\/mc-communications.fr\/wp-content\/uploads\/2026\/02\/Logo.jpg\",\"contentUrl\":\"https:\/\/mc-communications.fr\/wp-content\/uploads\/2026\/02\/Logo.jpg\",\"width\":500,\"height\":500,\"caption\":\"MC Communications - Agence de communication digitale\"},\"image\":{\"@id\":\"https:\/\/mc-communications.fr\/#\/schema\/logo\/image\/\"},\"sameAs\":[\"https:\/\/www.linkedin.com\/company\/mcgroup-communications\/\"]}]}<\/script>\n<!-- \/ Yoast SEO plugin. -->","yoast_head_json":{"title":"\u00c0 propos - MC Communications - Agence de communication digitale","description":"D\u00e9couvrez comment MC Communications peut booster votre communication digitale : gestion des r\u00e9seaux sociaux, cr\u00e9ation de contenu, publicit\u00e9 et strat\u00e9gie digitale.Explorez nos offres, notre portfolio et nos conseils pour d\u00e9velopper votre visibilit\u00e9 et faire briller votre marque en ligne.","robots":{"index":"index","follow":"follow","max-snippet":"max-snippet:-1","max-image-preview":"max-image-preview:large","max-video-preview":"max-video-preview:-1"},"canonical":"https:\/\/mc-communications.fr\/?page_id=6837","og_locale":"fr_FR","og_type":"article","og_title":"\u00c0 propos - MC Communications - Agence de communication digitale","og_description":"D\u00e9couvrez comment MC Communications peut booster votre communication digitale : gestion des r\u00e9seaux sociaux, cr\u00e9ation de contenu, publicit\u00e9 et strat\u00e9gie digitale.Explorez nos offres, notre portfolio et nos conseils pour d\u00e9velopper votre visibilit\u00e9 et faire briller votre marque en ligne.","og_url":"https:\/\/mc-communications.fr\/?page_id=6837","og_site_name":"MC Communications - Agence de communication digitale","article_modified_time":"2026-03-03T21:05:32+00:00","og_image":[{"width":2560,"height":1707,"url":"https:\/\/mc-communications.fr\/wp-content\/uploads\/2026\/03\/pexels-bertellifotografia-2608516-1-scaled.jpg","type":"image\/jpeg"}],"twitter_card":"summary_large_image","twitter_misc":{"Dur\u00e9e de lecture estim\u00e9e":"1 minute"},"schema":{"@context":"https:\/\/schema.org","@graph":[{"@type":"WebPage","@id":"https:\/\/mc-communications.fr\/?page_id=6837","url":"https:\/\/mc-communications.fr\/?page_id=6837","name":"\u00c0 propos - MC Communications - Agence de communication digitale","isPartOf":{"@id":"https:\/\/mc-communications.fr\/#website"},"primaryImageOfPage":{"@id":"https:\/\/mc-communications.fr\/?page_id=6837#primaryimage"},"image":{"@id":"https:\/\/mc-communications.fr\/?page_id=6837#primaryimage"},"thumbnailUrl":"https:\/\/mc-communications.fr\/wp-content\/uploads\/2026\/03\/pexels-bertellifotografia-2608516-1-1024x683.jpg","datePublished":"2023-11-16T13:46:59+00:00","dateModified":"2026-03-03T21:05:32+00:00","description":"D\u00e9couvrez comment MC Communications peut booster votre communication digitale : gestion des r\u00e9seaux sociaux, cr\u00e9ation de contenu, publicit\u00e9 et strat\u00e9gie digitale.Explorez nos offres, notre portfolio et nos conseils pour d\u00e9velopper votre visibilit\u00e9 et faire briller votre marque en ligne.","breadcrumb":{"@id":"https:\/\/mc-communications.fr\/?page_id=6837#breadcrumb"},"inLanguage":"fr-FR","potentialAction":[{"@type":"ReadAction","target":["https:\/\/mc-communications.fr\/?page_id=6837"]}]},{"@type":"ImageObject","inLanguage":"fr-FR","@id":"https:\/\/mc-communications.fr\/?page_id=6837#primaryimage","url":"https:\/\/mc-communications.fr\/wp-content\/uploads\/2026\/03\/pexels-bertellifotografia-2608516-1-scaled.jpg","contentUrl":"https:\/\/mc-communications.fr\/wp-content\/uploads\/2026\/03\/pexels-bertellifotografia-2608516-1-scaled.jpg","width":2560,"height":1707},{"@type":"BreadcrumbList","@id":"https:\/\/mc-communications.fr\/?page_id=6837#breadcrumb","itemListElement":[{"@type":"ListItem","position":1,"name":"Accueil","item":"https:\/\/mc-communications.fr\/"},{"@type":"ListItem","position":2,"name":"\u00c0 propos"}]},{"@type":"WebSite","@id":"https:\/\/mc-communications.fr\/#website","url":"https:\/\/mc-communications.fr\/","name":"MC Communications - Agence de communication digitale","description":"","publisher":{"@id":"https:\/\/mc-communications.fr\/#organization"},"alternateName":"MC Com","potentialAction":[{"@type":"SearchAction","target":{"@type":"EntryPoint","urlTemplate":"https:\/\/mc-communications.fr\/?s={search_term_string}"},"query-input":{"@type":"PropertyValueSpecification","valueRequired":true,"valueName":"search_term_string"}}],"inLanguage":"fr-FR"},{"@type":"Organization","@id":"https:\/\/mc-communications.fr\/#organization","name":"MC Communications - Agence de communication digitale","url":"https:\/\/mc-communications.fr\/","logo":{"@type":"ImageObject","inLanguage":"fr-FR","@id":"https:\/\/mc-communications.fr\/#\/schema\/logo\/image\/","url":"https:\/\/mc-communications.fr\/wp-content\/uploads\/2026\/02\/Logo.jpg","contentUrl":"https:\/\/mc-communications.fr\/wp-content\/uploads\/2026\/02\/Logo.jpg","width":500,"height":500,"caption":"MC Communications - Agence de communication digitale"},"image":{"@id":"https:\/\/mc-communications.fr\/#\/schema\/logo\/image\/"},"sameAs":["https:\/\/www.linkedin.com\/company\/mcgroup-communications\/"]}]}},"featured_media_urls":[],"_links":{"self":[{"href":"https:\/\/mc-communications.fr\/index.php?rest_route=\/wp\/v2\/pages\/6837","targetHints":{"allow":["GET"]}}],"collection":[{"href":"https:\/\/mc-communications.fr\/index.php?rest_route=\/wp\/v2\/pages"}],"about":[{"href":"https:\/\/mc-communications.fr\/index.php?rest_route=\/wp\/v2\/types\/page"}],"author":[{"embeddable":true,"href":"https:\/\/mc-communications.fr\/index.php?rest_route=\/wp\/v2\/users\/1"}],"replies":[{"embeddable":true,"href":"https:\/\/mc-communications.fr\/index.php?rest_route=%2Fwp%2Fv2%2Fcomments&post=6837"}],"version-history":[{"count":7,"href":"https:\/\/mc-communications.fr\/index.php?rest_route=\/wp\/v2\/pages\/6837\/revisions"}],"predecessor-version":[{"id":7119,"href":"https:\/\/mc-communications.fr\/index.php?rest_route=\/wp\/v2\/pages\/6837\/revisions\/7119"}],"wp:attachment":[{"href":"https:\/\/mc-communications.fr\/index.php?rest_route=%2Fwp%2Fv2%2Fmedia&parent=6837"}],"curies":[{"name":"wp","href":"https:\/\/api.w.org\/{rel}","templated":true}]}}