{"id":628,"date":"2009-05-06T11:43:24","date_gmt":"2009-05-06T16:43:24","guid":{"rendered":"http:\/\/wpzoom.com\/zenko\/demo\/?page_id=3"},"modified":"2026-02-17T11:55:29","modified_gmt":"2026-02-17T10:55:29","slug":"contact","status":"publish","type":"page","link":"https:\/\/mc-communications.fr\/?page_id=628","title":{"rendered":"Contact"},"content":{"rendered":"\n<div style=\"height:36px\" aria-hidden=\"true\" class=\"wp-block-spacer\"><\/div>\n\n\n\n<div class=\"wp-block-group has-global-padding is-layout-constrained wp-block-group-is-layout-constrained\">\n<div class=\"wp-block-columns are-vertically-aligned-top is-layout-flex wp-container-core-columns-is-layout-d7d455e7 wp-block-columns-is-layout-flex\" style=\"padding-top:0;padding-right:0;padding-bottom:0;padding-left:0\">\n<div class=\"wp-block-column is-vertically-aligned-top is-layout-flow wp-block-column-is-layout-flow\" style=\"padding-right:7%;flex-basis:50%\">\n<h1 class=\"wp-block-heading has-text-color\" style=\"color:#0bb4aa\">Pr\u00eat \u00e0 faire briller votre communication ?<\/h1>\n\n\n\n<p>Contactez-nous \u00e0 travers le formulaire suivant ou r\u00e9servez un rendez-vous avec notre \u00e9quipe commerciale.  <\/p>\n\n\n\n<!-- Calendly inline widget begin -->\n<div class=\"calendly-inline-widget\" data-url=\"https:\/\/calendly.com\/vmazet-mc-communications\/30min?hide_event_type_details=1&#038;hide_gdpr_banner=1\" style=\"min-width:320px;height:700px;\"><\/div>\n<script type=\"text\/javascript\" src=\"https:\/\/assets.calendly.com\/assets\/external\/widget.js\" async><\/script>\n<!-- Calendly inline widget end -->\n<\/div>\n\n\n\n<div class=\"wp-block-column is-vertically-aligned-top is-layout-flow wp-block-column-is-layout-flow\" style=\"flex-basis:50%\">\n<iframe loading=\"lazy\" src=\"https:\/\/docs.google.com\/forms\/d\/e\/1FAIpQLSfeptCJ8XSNY_UyLS6_5tkz41HZmwIONfJ8pWW7-ueVCK31ag\/viewform?embedded=true\" width=\"640\" height=\"824\" frameborder=\"0\" marginheight=\"0\" marginwidth=\"0\">Chargement\u2026<\/iframe>\n<\/div>\n<\/div>\n<\/div>\n\n\n\n<div class=\"wp-block-group has-global-padding is-layout-constrained wp-block-group-is-layout-constrained\">\n<div class=\"wp-block-columns are-vertically-aligned-center is-layout-flex wp-container-core-columns-is-layout-4ed999c3 wp-block-columns-is-layout-flex\" style=\"padding-top:var(--wp--preset--spacing--60);padding-bottom:var(--wp--preset--spacing--60);padding-left:0\">\n<div class=\"wp-block-column is-vertically-aligned-center has-global-padding is-content-justification-left is-layout-constrained wp-container-core-column-is-layout-12dd3699 wp-block-column-is-layout-constrained\" style=\"flex-basis:66.66%\">\n<h2 class=\"wp-block-heading\">Vous souhaitez rejoindre notre \u00e9quipe ?<\/h2>\n\n\n\n<p>Consultez les offres d&#8217;emploi ou d\u00e9posez votre candidature spontan\u00e9e<\/p>\n<\/div>\n\n\n\n<div class=\"wp-block-column is-vertically-aligned-center is-layout-flow wp-block-column-is-layout-flow\" style=\"flex-basis:33.33%\">\n<div class=\"wp-block-buttons is-content-justification-right is-layout-flex wp-container-core-buttons-is-layout-d445cf74 wp-block-buttons-is-layout-flex\">\n<div class=\"wp-block-button is-style-fill\"><a class=\"wp-block-button__link has-custom-font-size wp-element-button\" href=\"https:\/\/mc-communications.fr\/?page_id=7033\" style=\"border-radius:0px;font-size:14px;font-style:normal;font-weight:600;letter-spacing:1px;text-transform:uppercase\">Voir les offres<\/a><\/div>\n<\/div>\n<\/div>\n<\/div>\n\n\n\n<div style=\"height:27px\" aria-hidden=\"true\" class=\"wp-block-spacer\"><\/div>\n<\/div>\n","protected":false},"excerpt":{"rendered":"<p>Pr\u00eat \u00e0 faire briller votre communication ? Contactez-nous \u00e0 travers le formulaire suivant ou r\u00e9servez un rendez-vous avec notre \u00e9quipe commerciale. Chargement\u2026 Vous souhaitez rejoindre notre \u00e9quipe ? Consultez les offres d&#8217;emploi ou d\u00e9posez votre candidature spontan\u00e9e<\/p>\n","protected":false},"author":1,"featured_media":0,"parent":0,"menu_order":0,"comment_status":"closed","ping_status":"closed","template":"page-templates\/no-title.php","meta":{"inspiro_hide_title":false,"footnotes":""},"class_list":["post-628","page","type-page","status-publish","hentry"],"yoast_head":"<!-- This site is optimized with the Yoast SEO plugin v27.1.1 - https:\/\/yoast.com\/product\/yoast-seo-wordpress\/ -->\n<title>Contact - MC Communications - Agence de communication digitale<\/title>\n<meta name=\"description\" content=\"D\u00e9couvrez comment MC Communications peut booster votre communication digitale : gestion des r\u00e9seaux sociaux, cr\u00e9ation de contenu, publicit\u00e9 et strat\u00e9gie digitale.Explorez nos offres, notre portfolio et nos conseils pour d\u00e9velopper votre visibilit\u00e9 et faire briller votre marque en ligne.\" \/>\n<meta name=\"robots\" content=\"index, follow, max-snippet:-1, max-image-preview:large, max-video-preview:-1\" \/>\n<link rel=\"canonical\" href=\"https:\/\/mc-communications.fr\/?page_id=628\" \/>\n<meta property=\"og:locale\" content=\"fr_FR\" \/>\n<meta property=\"og:type\" content=\"article\" \/>\n<meta property=\"og:title\" content=\"Contact - MC Communications - Agence de communication digitale\" \/>\n<meta property=\"og:description\" content=\"D\u00e9couvrez comment MC Communications peut booster votre communication digitale : gestion des r\u00e9seaux sociaux, cr\u00e9ation de contenu, publicit\u00e9 et strat\u00e9gie digitale.Explorez nos offres, notre portfolio et nos conseils pour d\u00e9velopper votre visibilit\u00e9 et faire briller votre marque en ligne.\" \/>\n<meta property=\"og:url\" content=\"https:\/\/mc-communications.fr\/?page_id=628\" \/>\n<meta property=\"og:site_name\" content=\"MC Communications - Agence de communication digitale\" \/>\n<meta property=\"article:modified_time\" content=\"2026-02-17T10:55:29+00:00\" \/>\n<meta property=\"og:image\" content=\"https:\/\/mc-communications.fr\/wp-content\/uploads\/2026\/02\/cropped-Logo.jpg\" \/>\n\t<meta property=\"og:image:width\" content=\"512\" \/>\n\t<meta property=\"og:image:height\" content=\"512\" \/>\n\t<meta property=\"og:image:type\" content=\"image\/jpeg\" \/>\n<meta name=\"twitter:card\" content=\"summary_large_image\" \/>\n<meta name=\"twitter:label1\" content=\"Dur\u00e9e de lecture estim\u00e9e\" \/>\n\t<meta name=\"twitter:data1\" content=\"1 minute\" \/>\n<script type=\"application\/ld+json\" class=\"yoast-schema-graph\">{\"@context\":\"https:\/\/schema.org\",\"@graph\":[{\"@type\":\"WebPage\",\"@id\":\"https:\/\/mc-communications.fr\/?page_id=628\",\"url\":\"https:\/\/mc-communications.fr\/?page_id=628\",\"name\":\"Contact - MC Communications - Agence de communication digitale\",\"isPartOf\":{\"@id\":\"https:\/\/mc-communications.fr\/#website\"},\"datePublished\":\"2009-05-06T16:43:24+00:00\",\"dateModified\":\"2026-02-17T10:55:29+00:00\",\"description\":\"D\u00e9couvrez comment MC Communications peut booster votre communication digitale : gestion des r\u00e9seaux sociaux, cr\u00e9ation de contenu, publicit\u00e9 et strat\u00e9gie digitale.Explorez nos offres, notre portfolio et nos conseils pour d\u00e9velopper votre visibilit\u00e9 et faire briller votre marque en ligne.\",\"breadcrumb\":{\"@id\":\"https:\/\/mc-communications.fr\/?page_id=628#breadcrumb\"},\"inLanguage\":\"fr-FR\",\"potentialAction\":[{\"@type\":\"ReadAction\",\"target\":[\"https:\/\/mc-communications.fr\/?page_id=628\"]}]},{\"@type\":\"BreadcrumbList\",\"@id\":\"https:\/\/mc-communications.fr\/?page_id=628#breadcrumb\",\"itemListElement\":[{\"@type\":\"ListItem\",\"position\":1,\"name\":\"Accueil\",\"item\":\"https:\/\/mc-communications.fr\/\"},{\"@type\":\"ListItem\",\"position\":2,\"name\":\"Contact\"}]},{\"@type\":\"WebSite\",\"@id\":\"https:\/\/mc-communications.fr\/#website\",\"url\":\"https:\/\/mc-communications.fr\/\",\"name\":\"MC Communications - Agence de communication digitale\",\"description\":\"\",\"publisher\":{\"@id\":\"https:\/\/mc-communications.fr\/#organization\"},\"alternateName\":\"MC Com\",\"potentialAction\":[{\"@type\":\"SearchAction\",\"target\":{\"@type\":\"EntryPoint\",\"urlTemplate\":\"https:\/\/mc-communications.fr\/?s={search_term_string}\"},\"query-input\":{\"@type\":\"PropertyValueSpecification\",\"valueRequired\":true,\"valueName\":\"search_term_string\"}}],\"inLanguage\":\"fr-FR\"},{\"@type\":\"Organization\",\"@id\":\"https:\/\/mc-communications.fr\/#organization\",\"name\":\"MC Communications - Agence de communication digitale\",\"url\":\"https:\/\/mc-communications.fr\/\",\"logo\":{\"@type\":\"ImageObject\",\"inLanguage\":\"fr-FR\",\"@id\":\"https:\/\/mc-communications.fr\/#\/schema\/logo\/image\/\",\"url\":\"https:\/\/mc-communications.fr\/wp-content\/uploads\/2026\/02\/Logo.jpg\",\"contentUrl\":\"https:\/\/mc-communications.fr\/wp-content\/uploads\/2026\/02\/Logo.jpg\",\"width\":500,\"height\":500,\"caption\":\"MC Communications - Agence de communication digitale\"},\"image\":{\"@id\":\"https:\/\/mc-communications.fr\/#\/schema\/logo\/image\/\"},\"sameAs\":[\"https:\/\/www.linkedin.com\/company\/mcgroup-communications\/\"]}]}<\/script>\n<!-- \/ Yoast SEO plugin. -->","yoast_head_json":{"title":"Contact - MC Communications - Agence de communication digitale","description":"D\u00e9couvrez comment MC Communications peut booster votre communication digitale : gestion des r\u00e9seaux sociaux, cr\u00e9ation de contenu, publicit\u00e9 et strat\u00e9gie digitale.Explorez nos offres, notre portfolio et nos conseils pour d\u00e9velopper votre visibilit\u00e9 et faire briller votre marque en ligne.","robots":{"index":"index","follow":"follow","max-snippet":"max-snippet:-1","max-image-preview":"max-image-preview:large","max-video-preview":"max-video-preview:-1"},"canonical":"https:\/\/mc-communications.fr\/?page_id=628","og_locale":"fr_FR","og_type":"article","og_title":"Contact - MC Communications - Agence de communication digitale","og_description":"D\u00e9couvrez comment MC Communications peut booster votre communication digitale : gestion des r\u00e9seaux sociaux, cr\u00e9ation de contenu, publicit\u00e9 et strat\u00e9gie digitale.Explorez nos offres, notre portfolio et nos conseils pour d\u00e9velopper votre visibilit\u00e9 et faire briller votre marque en ligne.","og_url":"https:\/\/mc-communications.fr\/?page_id=628","og_site_name":"MC Communications - Agence de communication digitale","article_modified_time":"2026-02-17T10:55:29+00:00","og_image":[{"width":512,"height":512,"url":"https:\/\/mc-communications.fr\/wp-content\/uploads\/2026\/02\/cropped-Logo.jpg","type":"image\/jpeg"}],"twitter_card":"summary_large_image","twitter_misc":{"Dur\u00e9e de lecture estim\u00e9e":"1 minute"},"schema":{"@context":"https:\/\/schema.org","@graph":[{"@type":"WebPage","@id":"https:\/\/mc-communications.fr\/?page_id=628","url":"https:\/\/mc-communications.fr\/?page_id=628","name":"Contact - MC Communications - Agence de communication digitale","isPartOf":{"@id":"https:\/\/mc-communications.fr\/#website"},"datePublished":"2009-05-06T16:43:24+00:00","dateModified":"2026-02-17T10:55:29+00:00","description":"D\u00e9couvrez comment MC Communications peut booster votre communication digitale : gestion des r\u00e9seaux sociaux, cr\u00e9ation de contenu, publicit\u00e9 et strat\u00e9gie digitale.Explorez nos offres, notre portfolio et nos conseils pour d\u00e9velopper votre visibilit\u00e9 et faire briller votre marque en ligne.","breadcrumb":{"@id":"https:\/\/mc-communications.fr\/?page_id=628#breadcrumb"},"inLanguage":"fr-FR","potentialAction":[{"@type":"ReadAction","target":["https:\/\/mc-communications.fr\/?page_id=628"]}]},{"@type":"BreadcrumbList","@id":"https:\/\/mc-communications.fr\/?page_id=628#breadcrumb","itemListElement":[{"@type":"ListItem","position":1,"name":"Accueil","item":"https:\/\/mc-communications.fr\/"},{"@type":"ListItem","position":2,"name":"Contact"}]},{"@type":"WebSite","@id":"https:\/\/mc-communications.fr\/#website","url":"https:\/\/mc-communications.fr\/","name":"MC Communications - Agence de communication digitale","description":"","publisher":{"@id":"https:\/\/mc-communications.fr\/#organization"},"alternateName":"MC Com","potentialAction":[{"@type":"SearchAction","target":{"@type":"EntryPoint","urlTemplate":"https:\/\/mc-communications.fr\/?s={search_term_string}"},"query-input":{"@type":"PropertyValueSpecification","valueRequired":true,"valueName":"search_term_string"}}],"inLanguage":"fr-FR"},{"@type":"Organization","@id":"https:\/\/mc-communications.fr\/#organization","name":"MC Communications - Agence de communication digitale","url":"https:\/\/mc-communications.fr\/","logo":{"@type":"ImageObject","inLanguage":"fr-FR","@id":"https:\/\/mc-communications.fr\/#\/schema\/logo\/image\/","url":"https:\/\/mc-communications.fr\/wp-content\/uploads\/2026\/02\/Logo.jpg","contentUrl":"https:\/\/mc-communications.fr\/wp-content\/uploads\/2026\/02\/Logo.jpg","width":500,"height":500,"caption":"MC Communications - Agence de communication digitale"},"image":{"@id":"https:\/\/mc-communications.fr\/#\/schema\/logo\/image\/"},"sameAs":["https:\/\/www.linkedin.com\/company\/mcgroup-communications\/"]}]}},"featured_media_urls":[],"_links":{"self":[{"href":"https:\/\/mc-communications.fr\/index.php?rest_route=\/wp\/v2\/pages\/628","targetHints":{"allow":["GET"]}}],"collection":[{"href":"https:\/\/mc-communications.fr\/index.php?rest_route=\/wp\/v2\/pages"}],"about":[{"href":"https:\/\/mc-communications.fr\/index.php?rest_route=\/wp\/v2\/types\/page"}],"author":[{"embeddable":true,"href":"https:\/\/mc-communications.fr\/index.php?rest_route=\/wp\/v2\/users\/1"}],"replies":[{"embeddable":true,"href":"https:\/\/mc-communications.fr\/index.php?rest_route=%2Fwp%2Fv2%2Fcomments&post=628"}],"version-history":[{"count":6,"href":"https:\/\/mc-communications.fr\/index.php?rest_route=\/wp\/v2\/pages\/628\/revisions"}],"predecessor-version":[{"id":7050,"href":"https:\/\/mc-communications.fr\/index.php?rest_route=\/wp\/v2\/pages\/628\/revisions\/7050"}],"wp:attachment":[{"href":"https:\/\/mc-communications.fr\/index.php?rest_route=%2Fwp%2Fv2%2Fmedia&parent=628"}],"curies":[{"name":"wp","href":"https:\/\/api.w.org\/{rel}","templated":true}]}}