{"id":5574,"date":"2016-12-03T15:44:41","date_gmt":"2016-12-03T15:44:41","guid":{"rendered":"https:\/\/demo.wpzoom.com\/inspiro\/?page_id=5574"},"modified":"2026-03-03T21:59:44","modified_gmt":"2026-03-03T20:59:44","slug":"services","status":"publish","type":"page","link":"https:\/\/mc-communications.fr\/?page_id=5574","title":{"rendered":"Services"},"content":{"rendered":"\n<main class=\"wp-block-group alignfull site-content is-layout-flow wp-block-group-is-layout-flow\" id=\"header\" style=\"margin-top:0\">\n<div class=\"wp-block-cover alignfull\" style=\"padding-top:0px\"><img loading=\"lazy\" decoding=\"async\" width=\"1024\" height=\"683\" class=\"wp-block-cover__image-background wp-image-7083 size-large\" alt=\"\" src=\"https:\/\/mc-communications.fr\/wp-content\/uploads\/2026\/03\/pexels-ron-lach-8100067-1024x683.jpg\" data-object-fit=\"cover\" srcset=\"https:\/\/mc-communications.fr\/wp-content\/uploads\/2026\/03\/pexels-ron-lach-8100067-1024x683.jpg 1024w, https:\/\/mc-communications.fr\/wp-content\/uploads\/2026\/03\/pexels-ron-lach-8100067-300x200.jpg 300w, https:\/\/mc-communications.fr\/wp-content\/uploads\/2026\/03\/pexels-ron-lach-8100067-2000x1333.jpg 2000w, https:\/\/mc-communications.fr\/wp-content\/uploads\/2026\/03\/pexels-ron-lach-8100067-600x400.jpg 600w, https:\/\/mc-communications.fr\/wp-content\/uploads\/2026\/03\/pexels-ron-lach-8100067-1200x800.jpg 1200w\" sizes=\"auto, (max-width: 1024px) 100vw, 1024px\" \/><span aria-hidden=\"true\" class=\"wp-block-cover__background has-black-background-color has-background-dim-40 has-background-dim\"><\/span><div class=\"wp-block-cover__inner-container is-layout-flow wp-block-cover-is-layout-flow\">\n<div class=\"wp-block-group is-style-default has-global-padding is-layout-constrained wp-block-group-is-layout-constrained\">\n<div style=\"height:251px\" aria-hidden=\"true\" class=\"wp-block-spacer\"><\/div>\n\n\n\n<h2 class=\"wp-block-heading has-white-color has-text-color has-max-48-font-size\">Services<\/h2>\n\n\n\n<div style=\"height:63px\" aria-hidden=\"true\" class=\"wp-block-spacer\"><\/div>\n<\/div>\n<\/div><\/div>\n<\/main>\n\n\n\n<div id=\"services\" class=\"wp-block-group pattern_multiple_covers has-global-padding is-layout-constrained wp-container-core-group-is-layout-3a820303 wp-block-group-is-layout-constrained\" style=\"padding-right:var(--wp--preset--spacing--small);padding-left:var(--wp--preset--spacing--small)\">\n<h2 class=\"wp-block-heading has-text-align-left has-large-font-size\">Community Management<\/h2>\n\n\n\n<p class=\"has-text-align-left\">Votre communication ne doit pas \u00eatre une contrainte, mais un levier strat\u00e9gique.<\/p>\n\n\n\n<p>Pr\u00eat \u00e0 structurer votre pr\u00e9sence digitale autour d\u2019une ligne \u00e9ditoriale sur mesure, fid\u00e8le \u00e0 votre ADN et tourn\u00e9e vers vos objectifs ?<\/p>\n\n\n\n<p class=\"has-text-align-left\">R\u00e9sultat : une marque coh\u00e9rente, reconnaissable et capable de cr\u00e9er un lien solide avec son audience.<\/p>\n\n\n\n<h2 class=\"wp-block-heading has-text-align-left has-large-font-size\">Cr\u00e9ation et identit\u00e9 visuelle<\/h2>\n\n\n\n<p class=\"has-text-align-left\">Votre image est votre premier levier de cr\u00e9dibilit\u00e9.<\/p>\n\n\n\n<p>Pr\u00eat \u00e0 d\u00e9finir et d\u00e9ployer un univers graphique complet \u2014 du logo aux supports digitaux \u2014 pour garantir une coh\u00e9rence sur tous vos points de contact.<\/p>\n\n\n\n<p class=\"has-text-align-left\">R\u00e9sultat : une identit\u00e9 affirm\u00e9e, moderne et m\u00e9morable.<\/p>\n\n\n\n<h2 class=\"wp-block-heading has-text-align-left has-large-font-size\">S&rsquo;implanter \u00e0 l&rsquo;international<\/h2>\n\n\n\n<p class=\"has-text-align-left\">Votre expansion commence par une strat\u00e9gie pens\u00e9e pour chaque march\u00e9.<\/p>\n\n\n\n<p>Pr\u00eat \u00e0 d\u00e9finir et d\u00e9ployer une communication adapt\u00e9e \u00e0 vos audiences internationales \u2014 du positionnement aux supports digitaux \u2014 gr\u00e2ce \u00e0 notre \u00e9quipe polyglotte, pour garantir coh\u00e9rence et impact sur tous vos march\u00e9s.<\/p>\n\n\n\n<p class=\"has-text-align-left\">R\u00e9sultat<strong> :<\/strong> une implantation fluide, cr\u00e9dible et m\u00e9morable \u00e0 l\u2019international.<\/p>\n\n\n\n<div style=\"height:46px\" aria-hidden=\"true\" class=\"wp-block-spacer\"><\/div>\n\n\n\n<div class=\"wp-block-buttons is-content-justification-center is-layout-flex wp-container-core-buttons-is-layout-a89b3969 wp-block-buttons-is-layout-flex\">\n<div class=\"wp-block-button\"><a class=\"wp-block-button__link wp-element-button\" href=\"https:\/\/calendly.com\/vmazet-mc-communications\/30min\" target=\"_blank\" rel=\"noreferrer noopener\">Mon devis personnalis\u00e9<\/a><\/div>\n<\/div>\n<\/div>\n\n\n\n<div class=\"wp-block-cover alignfull\" style=\"min-height:326px;aspect-ratio:unset;\"><img decoding=\"async\" class=\"wp-block-cover__image-background wp-image-7391\" alt=\"\" src=\"https:\/\/demo.wpzoom.com\/inspiro-lite-blocks-xml\/wp-content\/themes\/inspiro-lite\/assets\/images\/StockSnap_6O7JXC5DC5.jpg\" data-object-fit=\"cover\"\/><span aria-hidden=\"true\" class=\"wp-block-cover__background has-black-background-color has-background-dim-60 has-background-dim\"><\/span><div class=\"wp-block-cover__inner-container is-layout-flow wp-block-cover-is-layout-flow\">\n<div class=\"wp-block-group has-global-padding is-layout-constrained wp-container-core-group-is-layout-4383d167 wp-block-group-is-layout-constrained\">\n<h2 class=\"wp-block-heading has-white-color has-text-color has-max-48-font-size\">Pourquoi nous ?<\/h2>\n\n\n\n<p>Une \u00e9quipe dynamique \u00e0 votre service, pour r\u00e9v\u00e9ler tout le potentiel de votre communication.<\/p>\n\n\n\n<div class=\"wp-block-buttons is-layout-flex wp-block-buttons-is-layout-flex\">\n<div class=\"wp-block-button is-style-outline is-style-outline--1\"><a class=\"wp-block-button__link wp-element-button\" href=\"https:\/\/mc-communications.fr\/?page_id=6837\" style=\"border-radius:0px;text-transform:uppercase\" target=\"_blank\" rel=\"noreferrer noopener\">En Savoir +<\/a><\/div>\n<\/div>\n\n\n\n<div style=\"height:30px\" aria-hidden=\"true\" class=\"wp-block-spacer\"><\/div>\n<\/div>\n<\/div><\/div>\n\n\n\n\n\n<div class=\"wp-block-group has-global-padding is-layout-constrained wp-container-core-group-is-layout-3a820303 wp-block-group-is-layout-constrained\" style=\"padding-right:var(--wp--preset--spacing--small);padding-left:var(--wp--preset--spacing--small)\">\n<div class=\"wp-block-group is-layout-flow wp-block-group-is-layout-flow\"><\/div>\n<\/div>\n\n\n\n<div style=\"height:0px\" aria-hidden=\"true\" class=\"wp-block-spacer\"><\/div>\n\n\n\n<p><\/p>\n","protected":false},"excerpt":{"rendered":"<p>Community Management Votre communication ne doit pas \u00eatre une contrainte, mais un levier strat\u00e9gique. Pr\u00eat \u00e0 structurer votre pr\u00e9sence digitale autour d\u2019une ligne \u00e9ditoriale sur mesure, fid\u00e8le \u00e0 votre ADN et tourn\u00e9e vers vos objectifs ? R\u00e9sultat : une marque coh\u00e9rente, reconnaissable et capable de cr\u00e9er un lien solide avec son audience. Cr\u00e9ation et identit\u00e9 &hellip; <\/p>\n<p class=\"link-more\"><a href=\"https:\/\/mc-communications.fr\/?page_id=5574\" class=\"more-link\">Lire la suite de<span class=\"screen-reader-text\">\u00ab\u00a0Services\u00a0\u00bb<\/span><\/a><\/p>\n","protected":false},"author":1,"featured_media":0,"parent":0,"menu_order":0,"comment_status":"closed","ping_status":"closed","template":"page-templates\/full-width-transparent.php","meta":{"inspiro_hide_title":false,"footnotes":""},"class_list":["post-5574","page","type-page","status-publish","hentry"],"yoast_head":"<!-- This site is optimized with the Yoast SEO plugin v27.1.1 - https:\/\/yoast.com\/product\/yoast-seo-wordpress\/ -->\n<title>Services - MC Communications - Agence de communication digitale<\/title>\n<meta name=\"description\" content=\"D\u00e9couvrez comment MC Communications peut booster votre communication digitale : gestion des r\u00e9seaux sociaux, cr\u00e9ation de contenu, publicit\u00e9 et strat\u00e9gie digitale.Explorez nos offres, notre portfolio et nos conseils pour d\u00e9velopper votre visibilit\u00e9 et faire briller votre marque en ligne.\" \/>\n<meta name=\"robots\" content=\"index, follow, max-snippet:-1, max-image-preview:large, max-video-preview:-1\" \/>\n<link rel=\"canonical\" href=\"https:\/\/mc-communications.fr\/?page_id=5574\" \/>\n<meta property=\"og:locale\" content=\"fr_FR\" \/>\n<meta property=\"og:type\" content=\"article\" \/>\n<meta property=\"og:title\" content=\"Services - MC Communications - Agence de communication digitale\" \/>\n<meta property=\"og:description\" content=\"D\u00e9couvrez comment MC Communications peut booster votre communication digitale : gestion des r\u00e9seaux sociaux, cr\u00e9ation de contenu, publicit\u00e9 et strat\u00e9gie digitale.Explorez nos offres, notre portfolio et nos conseils pour d\u00e9velopper votre visibilit\u00e9 et faire briller votre marque en ligne.\" \/>\n<meta property=\"og:url\" content=\"https:\/\/mc-communications.fr\/?page_id=5574\" \/>\n<meta property=\"og:site_name\" content=\"MC Communications - Agence de communication digitale\" \/>\n<meta property=\"article:modified_time\" content=\"2026-03-03T20:59:44+00:00\" \/>\n<meta property=\"og:image\" content=\"https:\/\/mc-communications.fr\/wp-content\/uploads\/2026\/03\/pexels-ron-lach-8100067-scaled.jpg\" \/>\n\t<meta property=\"og:image:width\" content=\"2560\" \/>\n\t<meta property=\"og:image:height\" content=\"1707\" \/>\n\t<meta property=\"og:image:type\" content=\"image\/jpeg\" \/>\n<meta name=\"twitter:card\" content=\"summary_large_image\" \/>\n<meta name=\"twitter:label1\" content=\"Dur\u00e9e de lecture estim\u00e9e\" \/>\n\t<meta name=\"twitter:data1\" content=\"1 minute\" \/>\n<script type=\"application\/ld+json\" class=\"yoast-schema-graph\">{\"@context\":\"https:\/\/schema.org\",\"@graph\":[{\"@type\":\"WebPage\",\"@id\":\"https:\/\/mc-communications.fr\/?page_id=5574\",\"url\":\"https:\/\/mc-communications.fr\/?page_id=5574\",\"name\":\"Services - MC Communications - Agence de communication digitale\",\"isPartOf\":{\"@id\":\"https:\/\/mc-communications.fr\/#website\"},\"primaryImageOfPage\":{\"@id\":\"https:\/\/mc-communications.fr\/?page_id=5574#primaryimage\"},\"image\":{\"@id\":\"https:\/\/mc-communications.fr\/?page_id=5574#primaryimage\"},\"thumbnailUrl\":\"https:\/\/mc-communications.fr\/wp-content\/uploads\/2026\/03\/pexels-ron-lach-8100067-1024x683.jpg\",\"datePublished\":\"2016-12-03T15:44:41+00:00\",\"dateModified\":\"2026-03-03T20:59:44+00:00\",\"description\":\"D\u00e9couvrez comment MC Communications peut booster votre communication digitale : gestion des r\u00e9seaux sociaux, cr\u00e9ation de contenu, publicit\u00e9 et strat\u00e9gie digitale.Explorez nos offres, notre portfolio et nos conseils pour d\u00e9velopper votre visibilit\u00e9 et faire briller votre marque en ligne.\",\"breadcrumb\":{\"@id\":\"https:\/\/mc-communications.fr\/?page_id=5574#breadcrumb\"},\"inLanguage\":\"fr-FR\",\"potentialAction\":[{\"@type\":\"ReadAction\",\"target\":[\"https:\/\/mc-communications.fr\/?page_id=5574\"]}]},{\"@type\":\"ImageObject\",\"inLanguage\":\"fr-FR\",\"@id\":\"https:\/\/mc-communications.fr\/?page_id=5574#primaryimage\",\"url\":\"https:\/\/mc-communications.fr\/wp-content\/uploads\/2026\/03\/pexels-ron-lach-8100067-scaled.jpg\",\"contentUrl\":\"https:\/\/mc-communications.fr\/wp-content\/uploads\/2026\/03\/pexels-ron-lach-8100067-scaled.jpg\",\"width\":2560,\"height\":1707},{\"@type\":\"BreadcrumbList\",\"@id\":\"https:\/\/mc-communications.fr\/?page_id=5574#breadcrumb\",\"itemListElement\":[{\"@type\":\"ListItem\",\"position\":1,\"name\":\"Accueil\",\"item\":\"https:\/\/mc-communications.fr\/\"},{\"@type\":\"ListItem\",\"position\":2,\"name\":\"Services\"}]},{\"@type\":\"WebSite\",\"@id\":\"https:\/\/mc-communications.fr\/#website\",\"url\":\"https:\/\/mc-communications.fr\/\",\"name\":\"MC Communications - Agence de communication digitale\",\"description\":\"\",\"publisher\":{\"@id\":\"https:\/\/mc-communications.fr\/#organization\"},\"alternateName\":\"MC Com\",\"potentialAction\":[{\"@type\":\"SearchAction\",\"target\":{\"@type\":\"EntryPoint\",\"urlTemplate\":\"https:\/\/mc-communications.fr\/?s={search_term_string}\"},\"query-input\":{\"@type\":\"PropertyValueSpecification\",\"valueRequired\":true,\"valueName\":\"search_term_string\"}}],\"inLanguage\":\"fr-FR\"},{\"@type\":\"Organization\",\"@id\":\"https:\/\/mc-communications.fr\/#organization\",\"name\":\"MC Communications - Agence de communication digitale\",\"url\":\"https:\/\/mc-communications.fr\/\",\"logo\":{\"@type\":\"ImageObject\",\"inLanguage\":\"fr-FR\",\"@id\":\"https:\/\/mc-communications.fr\/#\/schema\/logo\/image\/\",\"url\":\"https:\/\/mc-communications.fr\/wp-content\/uploads\/2026\/02\/Logo.jpg\",\"contentUrl\":\"https:\/\/mc-communications.fr\/wp-content\/uploads\/2026\/02\/Logo.jpg\",\"width\":500,\"height\":500,\"caption\":\"MC Communications - Agence de communication digitale\"},\"image\":{\"@id\":\"https:\/\/mc-communications.fr\/#\/schema\/logo\/image\/\"},\"sameAs\":[\"https:\/\/www.linkedin.com\/company\/mcgroup-communications\/\"]}]}<\/script>\n<!-- \/ Yoast SEO plugin. -->","yoast_head_json":{"title":"Services - MC Communications - Agence de communication digitale","description":"D\u00e9couvrez comment MC Communications peut booster votre communication digitale : gestion des r\u00e9seaux sociaux, cr\u00e9ation de contenu, publicit\u00e9 et strat\u00e9gie digitale.Explorez nos offres, notre portfolio et nos conseils pour d\u00e9velopper votre visibilit\u00e9 et faire briller votre marque en ligne.","robots":{"index":"index","follow":"follow","max-snippet":"max-snippet:-1","max-image-preview":"max-image-preview:large","max-video-preview":"max-video-preview:-1"},"canonical":"https:\/\/mc-communications.fr\/?page_id=5574","og_locale":"fr_FR","og_type":"article","og_title":"Services - MC Communications - Agence de communication digitale","og_description":"D\u00e9couvrez comment MC Communications peut booster votre communication digitale : gestion des r\u00e9seaux sociaux, cr\u00e9ation de contenu, publicit\u00e9 et strat\u00e9gie digitale.Explorez nos offres, notre portfolio et nos conseils pour d\u00e9velopper votre visibilit\u00e9 et faire briller votre marque en ligne.","og_url":"https:\/\/mc-communications.fr\/?page_id=5574","og_site_name":"MC Communications - Agence de communication digitale","article_modified_time":"2026-03-03T20:59:44+00:00","og_image":[{"width":2560,"height":1707,"url":"https:\/\/mc-communications.fr\/wp-content\/uploads\/2026\/03\/pexels-ron-lach-8100067-scaled.jpg","type":"image\/jpeg"}],"twitter_card":"summary_large_image","twitter_misc":{"Dur\u00e9e de lecture estim\u00e9e":"1 minute"},"schema":{"@context":"https:\/\/schema.org","@graph":[{"@type":"WebPage","@id":"https:\/\/mc-communications.fr\/?page_id=5574","url":"https:\/\/mc-communications.fr\/?page_id=5574","name":"Services - MC Communications - Agence de communication digitale","isPartOf":{"@id":"https:\/\/mc-communications.fr\/#website"},"primaryImageOfPage":{"@id":"https:\/\/mc-communications.fr\/?page_id=5574#primaryimage"},"image":{"@id":"https:\/\/mc-communications.fr\/?page_id=5574#primaryimage"},"thumbnailUrl":"https:\/\/mc-communications.fr\/wp-content\/uploads\/2026\/03\/pexels-ron-lach-8100067-1024x683.jpg","datePublished":"2016-12-03T15:44:41+00:00","dateModified":"2026-03-03T20:59:44+00:00","description":"D\u00e9couvrez comment MC Communications peut booster votre communication digitale : gestion des r\u00e9seaux sociaux, cr\u00e9ation de contenu, publicit\u00e9 et strat\u00e9gie digitale.Explorez nos offres, notre portfolio et nos conseils pour d\u00e9velopper votre visibilit\u00e9 et faire briller votre marque en ligne.","breadcrumb":{"@id":"https:\/\/mc-communications.fr\/?page_id=5574#breadcrumb"},"inLanguage":"fr-FR","potentialAction":[{"@type":"ReadAction","target":["https:\/\/mc-communications.fr\/?page_id=5574"]}]},{"@type":"ImageObject","inLanguage":"fr-FR","@id":"https:\/\/mc-communications.fr\/?page_id=5574#primaryimage","url":"https:\/\/mc-communications.fr\/wp-content\/uploads\/2026\/03\/pexels-ron-lach-8100067-scaled.jpg","contentUrl":"https:\/\/mc-communications.fr\/wp-content\/uploads\/2026\/03\/pexels-ron-lach-8100067-scaled.jpg","width":2560,"height":1707},{"@type":"BreadcrumbList","@id":"https:\/\/mc-communications.fr\/?page_id=5574#breadcrumb","itemListElement":[{"@type":"ListItem","position":1,"name":"Accueil","item":"https:\/\/mc-communications.fr\/"},{"@type":"ListItem","position":2,"name":"Services"}]},{"@type":"WebSite","@id":"https:\/\/mc-communications.fr\/#website","url":"https:\/\/mc-communications.fr\/","name":"MC Communications - Agence de communication digitale","description":"","publisher":{"@id":"https:\/\/mc-communications.fr\/#organization"},"alternateName":"MC Com","potentialAction":[{"@type":"SearchAction","target":{"@type":"EntryPoint","urlTemplate":"https:\/\/mc-communications.fr\/?s={search_term_string}"},"query-input":{"@type":"PropertyValueSpecification","valueRequired":true,"valueName":"search_term_string"}}],"inLanguage":"fr-FR"},{"@type":"Organization","@id":"https:\/\/mc-communications.fr\/#organization","name":"MC Communications - Agence de communication digitale","url":"https:\/\/mc-communications.fr\/","logo":{"@type":"ImageObject","inLanguage":"fr-FR","@id":"https:\/\/mc-communications.fr\/#\/schema\/logo\/image\/","url":"https:\/\/mc-communications.fr\/wp-content\/uploads\/2026\/02\/Logo.jpg","contentUrl":"https:\/\/mc-communications.fr\/wp-content\/uploads\/2026\/02\/Logo.jpg","width":500,"height":500,"caption":"MC Communications - Agence de communication digitale"},"image":{"@id":"https:\/\/mc-communications.fr\/#\/schema\/logo\/image\/"},"sameAs":["https:\/\/www.linkedin.com\/company\/mcgroup-communications\/"]}]}},"featured_media_urls":[],"_links":{"self":[{"href":"https:\/\/mc-communications.fr\/index.php?rest_route=\/wp\/v2\/pages\/5574","targetHints":{"allow":["GET"]}}],"collection":[{"href":"https:\/\/mc-communications.fr\/index.php?rest_route=\/wp\/v2\/pages"}],"about":[{"href":"https:\/\/mc-communications.fr\/index.php?rest_route=\/wp\/v2\/types\/page"}],"author":[{"embeddable":true,"href":"https:\/\/mc-communications.fr\/index.php?rest_route=\/wp\/v2\/users\/1"}],"replies":[{"embeddable":true,"href":"https:\/\/mc-communications.fr\/index.php?rest_route=%2Fwp%2Fv2%2Fcomments&post=5574"}],"version-history":[{"count":5,"href":"https:\/\/mc-communications.fr\/index.php?rest_route=\/wp\/v2\/pages\/5574\/revisions"}],"predecessor-version":[{"id":7113,"href":"https:\/\/mc-communications.fr\/index.php?rest_route=\/wp\/v2\/pages\/5574\/revisions\/7113"}],"wp:attachment":[{"href":"https:\/\/mc-communications.fr\/index.php?rest_route=%2Fwp%2Fv2%2Fmedia&parent=5574"}],"curies":[{"name":"wp","href":"https:\/\/api.w.org\/{rel}","templated":true}]}}