{"id":3,"date":"2025-12-17T16:57:42","date_gmt":"2025-12-17T15:57:42","guid":{"rendered":"https:\/\/mc-communications.fr\/?page_id=3"},"modified":"2026-02-17T12:35:42","modified_gmt":"2026-02-17T11:35:42","slug":"mentions-legales","status":"publish","type":"page","link":"https:\/\/mc-communications.fr\/?page_id=3","title":{"rendered":"Mentions l\u00e9gales"},"content":{"rendered":"\n<h2 class=\"wp-block-heading\">Mentions l\u00e9gales<\/h2>\n\n\n\n<h2 class=\"wp-block-heading\">Editeur<\/h2>\n\n\n\n<p>Le site\u00a0<strong>https:\/\/mc-communications.fr<\/strong>\u00a0est \u00e9dit\u00e9 par <strong>MC Communications<\/strong><br>Forme juridique : Micro-entreprise<br>Num\u00e9ro SIRET : 97959659000013<br>Email : contact@mc-communications.fr<br>T\u00e9l\u00e9phone : 07 69 50 07 86<br>Directeur de la publication : Victoria MAZET<\/p>\n\n\n\n<h2 class=\"wp-block-heading\">Propri\u00e9t\u00e9 intellectuelle<\/h2>\n\n\n\n<p>Tous les contenus pr\u00e9sents sur ce site (textes, images, vid\u00e9os, logos, designs, logiciels) sont la propri\u00e9t\u00e9 exclusive de&nbsp;<strong>MC Communications<\/strong>&nbsp;ou de ses partenaires, sauf mention contraire.<br>Toute reproduction, distribution, modification ou exploitation, totale ou partielle, des contenus du site sans autorisation \u00e9crite pr\u00e9alable est strictement interdite et constituerait une contrefa\u00e7on sanctionn\u00e9e par le Code de la propri\u00e9t\u00e9 intellectuelle.<\/p>\n\n\n\n<h2 class=\"wp-block-heading\">Donn\u00e9es personnelles<\/h2>\n\n\n\n<p>Pour la collecte et le traitement des donn\u00e9es personnelles, veuillez consulter notre\u00a0<strong>Politique de Confidentialit\u00e9<\/strong>.<\/p>\n\n\n\n<h2 class=\"wp-block-heading\">Limitation de responsabilit\u00e9<\/h2>\n\n\n\n<p><strong>MC Communications <\/strong>s\u2019efforce de fournir des informations exactes et \u00e0 jour sur ce site.<br>Toutefois, elle ne peut garantir l\u2019exactitude, la compl\u00e9tude ou l\u2019actualit\u00e9 des informations.<br>L\u2019utilisation du site se fait&nbsp;<strong>sous votre enti\u00e8re responsabilit\u00e9<\/strong>. Le site peut contenir des liens vers d\u2019autres sites externes ; nous ne sommes pas responsables de leur contenu ni de leurs pratiques en mati\u00e8re de donn\u00e9es personnelles.<\/p>\n\n\n\n<h2 class=\"wp-block-heading\">Conditions d\u2019utilisation<\/h2>\n\n\n\n<p>L\u2019acc\u00e8s et l\u2019utilisation du site impliquent l\u2019acceptation des pr\u00e9sentes mentions l\u00e9gales. Toute utilisation abusive ou non conforme pourra engager la responsabilit\u00e9 de l\u2019utilisateur.<\/p>\n\n\n\n<h2 class=\"wp-block-heading\">Cookies<\/h2>\n\n\n\n<p>Le site utilise des cookies pour am\u00e9liorer l\u2019exp\u00e9rience utilisateur et analyser le trafic. Pour en savoir plus et g\u00e9rer vos pr\u00e9f\u00e9rences, veuillez consulter notre&nbsp;<strong>Politique de Confidentialit\u00e9<\/strong>.<\/p>\n\n\n\n<h2 class=\"wp-block-heading\">Loi applicable<\/h2>\n\n\n\n<p>Les pr\u00e9sentes mentions l\u00e9gales sont r\u00e9gies par la&nbsp;<strong>loi fran\u00e7aise<\/strong>. Tout litige relatif \u00e0 l\u2019acc\u00e8s ou \u00e0 l\u2019utilisation du site rel\u00e8ve de la comp\u00e9tence exclusive des tribunaux fran\u00e7ais.<\/p>\n","protected":false},"excerpt":{"rendered":"<p>Mentions l\u00e9gales Editeur Le site\u00a0https:\/\/mc-communications.fr\u00a0est \u00e9dit\u00e9 par MC CommunicationsForme juridique : Micro-entrepriseNum\u00e9ro SIRET : 97959659000013Email : contact@mc-communications.frT\u00e9l\u00e9phone : 07 69 50 07 86Directeur de la publication : Victoria MAZET Propri\u00e9t\u00e9 intellectuelle Tous les contenus pr\u00e9sents sur ce site (textes, images, vid\u00e9os, logos, designs, logiciels) sont la propri\u00e9t\u00e9 exclusive de&nbsp;MC Communications&nbsp;ou de ses partenaires, sauf mention &hellip; <\/p>\n<p class=\"link-more\"><a href=\"https:\/\/mc-communications.fr\/?page_id=3\" class=\"more-link\">Lire la suite de<span class=\"screen-reader-text\">\u00ab\u00a0Mentions l\u00e9gales\u00a0\u00bb<\/span><\/a><\/p>\n","protected":false},"author":1,"featured_media":0,"parent":0,"menu_order":0,"comment_status":"closed","ping_status":"closed","template":"page-templates\/no-title.php","meta":{"inspiro_hide_title":false,"footnotes":""},"class_list":["post-3","page","type-page","status-publish","hentry"],"yoast_head":"<!-- This site is optimized with the Yoast SEO plugin v27.1.1 - https:\/\/yoast.com\/product\/yoast-seo-wordpress\/ -->\n<title>Mentions l\u00e9gales - MC Communications - Agence de communication digitale<\/title>\n<meta name=\"description\" content=\"D\u00e9couvrez comment MC Communications peut booster votre communication digitale : gestion des r\u00e9seaux sociaux, cr\u00e9ation de contenu, publicit\u00e9 et strat\u00e9gie digitale.Explorez nos offres, notre portfolio et nos conseils pour d\u00e9velopper votre visibilit\u00e9 et faire briller votre marque en ligne.\" \/>\n<meta name=\"robots\" content=\"index, follow, max-snippet:-1, max-image-preview:large, max-video-preview:-1\" \/>\n<link rel=\"canonical\" href=\"https:\/\/mc-communications.fr\/?page_id=3\" \/>\n<meta property=\"og:locale\" content=\"fr_FR\" \/>\n<meta property=\"og:type\" content=\"article\" \/>\n<meta property=\"og:title\" content=\"Mentions l\u00e9gales - MC Communications - Agence de communication digitale\" \/>\n<meta property=\"og:description\" content=\"D\u00e9couvrez comment MC Communications peut booster votre communication digitale : gestion des r\u00e9seaux sociaux, cr\u00e9ation de contenu, publicit\u00e9 et strat\u00e9gie digitale.Explorez nos offres, notre portfolio et nos conseils pour d\u00e9velopper votre visibilit\u00e9 et faire briller votre marque en ligne.\" \/>\n<meta property=\"og:url\" content=\"https:\/\/mc-communications.fr\/?page_id=3\" \/>\n<meta property=\"og:site_name\" content=\"MC Communications - Agence de communication digitale\" \/>\n<meta property=\"article:modified_time\" content=\"2026-02-17T11:35:42+00:00\" \/>\n<meta property=\"og:image\" content=\"https:\/\/mc-communications.fr\/wp-content\/uploads\/2026\/02\/cropped-Logo.jpg\" \/>\n\t<meta property=\"og:image:width\" content=\"512\" \/>\n\t<meta property=\"og:image:height\" content=\"512\" \/>\n\t<meta property=\"og:image:type\" content=\"image\/jpeg\" \/>\n<meta name=\"twitter:card\" content=\"summary_large_image\" \/>\n<meta name=\"twitter:label1\" content=\"Dur\u00e9e de lecture estim\u00e9e\" \/>\n\t<meta name=\"twitter:data1\" content=\"2 minutes\" \/>\n<script type=\"application\/ld+json\" class=\"yoast-schema-graph\">{\"@context\":\"https:\/\/schema.org\",\"@graph\":[{\"@type\":\"WebPage\",\"@id\":\"https:\/\/mc-communications.fr\/?page_id=3\",\"url\":\"https:\/\/mc-communications.fr\/?page_id=3\",\"name\":\"Mentions l\u00e9gales - MC Communications - Agence de communication digitale\",\"isPartOf\":{\"@id\":\"https:\/\/mc-communications.fr\/#website\"},\"datePublished\":\"2025-12-17T15:57:42+00:00\",\"dateModified\":\"2026-02-17T11:35:42+00:00\",\"description\":\"D\u00e9couvrez comment MC Communications peut booster votre communication digitale : gestion des r\u00e9seaux sociaux, cr\u00e9ation de contenu, publicit\u00e9 et strat\u00e9gie digitale.Explorez nos offres, notre portfolio et nos conseils pour d\u00e9velopper votre visibilit\u00e9 et faire briller votre marque en ligne.\",\"breadcrumb\":{\"@id\":\"https:\/\/mc-communications.fr\/?page_id=3#breadcrumb\"},\"inLanguage\":\"fr-FR\",\"potentialAction\":[{\"@type\":\"ReadAction\",\"target\":[\"https:\/\/mc-communications.fr\/?page_id=3\"]}]},{\"@type\":\"BreadcrumbList\",\"@id\":\"https:\/\/mc-communications.fr\/?page_id=3#breadcrumb\",\"itemListElement\":[{\"@type\":\"ListItem\",\"position\":1,\"name\":\"Accueil\",\"item\":\"https:\/\/mc-communications.fr\/\"},{\"@type\":\"ListItem\",\"position\":2,\"name\":\"Mentions l\u00e9gales\"}]},{\"@type\":\"WebSite\",\"@id\":\"https:\/\/mc-communications.fr\/#website\",\"url\":\"https:\/\/mc-communications.fr\/\",\"name\":\"MC Communications - Agence de communication digitale\",\"description\":\"\",\"publisher\":{\"@id\":\"https:\/\/mc-communications.fr\/#organization\"},\"alternateName\":\"MC Com\",\"potentialAction\":[{\"@type\":\"SearchAction\",\"target\":{\"@type\":\"EntryPoint\",\"urlTemplate\":\"https:\/\/mc-communications.fr\/?s={search_term_string}\"},\"query-input\":{\"@type\":\"PropertyValueSpecification\",\"valueRequired\":true,\"valueName\":\"search_term_string\"}}],\"inLanguage\":\"fr-FR\"},{\"@type\":\"Organization\",\"@id\":\"https:\/\/mc-communications.fr\/#organization\",\"name\":\"MC Communications - Agence de communication digitale\",\"url\":\"https:\/\/mc-communications.fr\/\",\"logo\":{\"@type\":\"ImageObject\",\"inLanguage\":\"fr-FR\",\"@id\":\"https:\/\/mc-communications.fr\/#\/schema\/logo\/image\/\",\"url\":\"https:\/\/mc-communications.fr\/wp-content\/uploads\/2026\/02\/Logo.jpg\",\"contentUrl\":\"https:\/\/mc-communications.fr\/wp-content\/uploads\/2026\/02\/Logo.jpg\",\"width\":500,\"height\":500,\"caption\":\"MC Communications - Agence de communication digitale\"},\"image\":{\"@id\":\"https:\/\/mc-communications.fr\/#\/schema\/logo\/image\/\"},\"sameAs\":[\"https:\/\/www.linkedin.com\/company\/mcgroup-communications\/\"]}]}<\/script>\n<!-- \/ Yoast SEO plugin. -->","yoast_head_json":{"title":"Mentions l\u00e9gales - MC Communications - Agence de communication digitale","description":"D\u00e9couvrez comment MC Communications peut booster votre communication digitale : gestion des r\u00e9seaux sociaux, cr\u00e9ation de contenu, publicit\u00e9 et strat\u00e9gie digitale.Explorez nos offres, notre portfolio et nos conseils pour d\u00e9velopper votre visibilit\u00e9 et faire briller votre marque en ligne.","robots":{"index":"index","follow":"follow","max-snippet":"max-snippet:-1","max-image-preview":"max-image-preview:large","max-video-preview":"max-video-preview:-1"},"canonical":"https:\/\/mc-communications.fr\/?page_id=3","og_locale":"fr_FR","og_type":"article","og_title":"Mentions l\u00e9gales - MC Communications - Agence de communication digitale","og_description":"D\u00e9couvrez comment MC Communications peut booster votre communication digitale : gestion des r\u00e9seaux sociaux, cr\u00e9ation de contenu, publicit\u00e9 et strat\u00e9gie digitale.Explorez nos offres, notre portfolio et nos conseils pour d\u00e9velopper votre visibilit\u00e9 et faire briller votre marque en ligne.","og_url":"https:\/\/mc-communications.fr\/?page_id=3","og_site_name":"MC Communications - Agence de communication digitale","article_modified_time":"2026-02-17T11:35:42+00:00","og_image":[{"width":512,"height":512,"url":"https:\/\/mc-communications.fr\/wp-content\/uploads\/2026\/02\/cropped-Logo.jpg","type":"image\/jpeg"}],"twitter_card":"summary_large_image","twitter_misc":{"Dur\u00e9e de lecture estim\u00e9e":"2 minutes"},"schema":{"@context":"https:\/\/schema.org","@graph":[{"@type":"WebPage","@id":"https:\/\/mc-communications.fr\/?page_id=3","url":"https:\/\/mc-communications.fr\/?page_id=3","name":"Mentions l\u00e9gales - MC Communications - Agence de communication digitale","isPartOf":{"@id":"https:\/\/mc-communications.fr\/#website"},"datePublished":"2025-12-17T15:57:42+00:00","dateModified":"2026-02-17T11:35:42+00:00","description":"D\u00e9couvrez comment MC Communications peut booster votre communication digitale : gestion des r\u00e9seaux sociaux, cr\u00e9ation de contenu, publicit\u00e9 et strat\u00e9gie digitale.Explorez nos offres, notre portfolio et nos conseils pour d\u00e9velopper votre visibilit\u00e9 et faire briller votre marque en ligne.","breadcrumb":{"@id":"https:\/\/mc-communications.fr\/?page_id=3#breadcrumb"},"inLanguage":"fr-FR","potentialAction":[{"@type":"ReadAction","target":["https:\/\/mc-communications.fr\/?page_id=3"]}]},{"@type":"BreadcrumbList","@id":"https:\/\/mc-communications.fr\/?page_id=3#breadcrumb","itemListElement":[{"@type":"ListItem","position":1,"name":"Accueil","item":"https:\/\/mc-communications.fr\/"},{"@type":"ListItem","position":2,"name":"Mentions l\u00e9gales"}]},{"@type":"WebSite","@id":"https:\/\/mc-communications.fr\/#website","url":"https:\/\/mc-communications.fr\/","name":"MC Communications - Agence de communication digitale","description":"","publisher":{"@id":"https:\/\/mc-communications.fr\/#organization"},"alternateName":"MC Com","potentialAction":[{"@type":"SearchAction","target":{"@type":"EntryPoint","urlTemplate":"https:\/\/mc-communications.fr\/?s={search_term_string}"},"query-input":{"@type":"PropertyValueSpecification","valueRequired":true,"valueName":"search_term_string"}}],"inLanguage":"fr-FR"},{"@type":"Organization","@id":"https:\/\/mc-communications.fr\/#organization","name":"MC Communications - Agence de communication digitale","url":"https:\/\/mc-communications.fr\/","logo":{"@type":"ImageObject","inLanguage":"fr-FR","@id":"https:\/\/mc-communications.fr\/#\/schema\/logo\/image\/","url":"https:\/\/mc-communications.fr\/wp-content\/uploads\/2026\/02\/Logo.jpg","contentUrl":"https:\/\/mc-communications.fr\/wp-content\/uploads\/2026\/02\/Logo.jpg","width":500,"height":500,"caption":"MC Communications - Agence de communication digitale"},"image":{"@id":"https:\/\/mc-communications.fr\/#\/schema\/logo\/image\/"},"sameAs":["https:\/\/www.linkedin.com\/company\/mcgroup-communications\/"]}]}},"featured_media_urls":[],"_links":{"self":[{"href":"https:\/\/mc-communications.fr\/index.php?rest_route=\/wp\/v2\/pages\/3","targetHints":{"allow":["GET"]}}],"collection":[{"href":"https:\/\/mc-communications.fr\/index.php?rest_route=\/wp\/v2\/pages"}],"about":[{"href":"https:\/\/mc-communications.fr\/index.php?rest_route=\/wp\/v2\/types\/page"}],"author":[{"embeddable":true,"href":"https:\/\/mc-communications.fr\/index.php?rest_route=\/wp\/v2\/users\/1"}],"replies":[{"embeddable":true,"href":"https:\/\/mc-communications.fr\/index.php?rest_route=%2Fwp%2Fv2%2Fcomments&post=3"}],"version-history":[{"count":4,"href":"https:\/\/mc-communications.fr\/index.php?rest_route=\/wp\/v2\/pages\/3\/revisions"}],"predecessor-version":[{"id":7065,"href":"https:\/\/mc-communications.fr\/index.php?rest_route=\/wp\/v2\/pages\/3\/revisions\/7065"}],"wp:attachment":[{"href":"https:\/\/mc-communications.fr\/index.php?rest_route=%2Fwp%2Fv2%2Fmedia&parent=3"}],"curies":[{"name":"wp","href":"https:\/\/api.w.org\/{rel}","templated":true}]}}